{"id":17,"date":"2024-01-22T14:01:53","date_gmt":"2024-01-22T14:01:53","guid":{"rendered":"http:\/\/mouvo.org\/?page_id=17"},"modified":"2024-03-26T12:09:20","modified_gmt":"2024-03-26T12:09:20","slug":"projekter","status":"publish","type":"page","link":"http:\/\/mouvo.org\/en\/projekter\/","title":{"rendered":"Projects"},"content":{"rendered":"<div data-elementor-type=\"wp-page\" data-elementor-id=\"17\" class=\"elementor elementor-17\" data-elementor-post-type=\"page\">\n\t\t\t\t<div class=\"elementor-element elementor-element-d074371 e-flex e-con-boxed e-con e-parent\" data-id=\"d074371\" data-element_type=\"container\" data-settings=\"{&quot;background_background&quot;:&quot;classic&quot;}\" data-core-v316-plus=\"true\">\n\t\t\t\t\t<div class=\"e-con-inner\">\n\t\t\t\t<div class=\"elementor-element elementor-element-789466b elementor-widget__width-initial elementor-widget-tablet__width-inherit elementor-widget elementor-widget-heading\" data-id=\"789466b\" data-element_type=\"widget\" data-widget_type=\"heading.default\">\n\t\t\t\t<div class=\"elementor-widget-container\">\n\t\t\t<style>\/*! elementor - v3.20.0 - 26-03-2024 *\/\n.elementor-heading-title{padding:0;margin:0;line-height:1}.elementor-widget-heading .elementor-heading-title[class*=elementor-size-]>a{color:inherit;font-size:inherit;line-height:inherit}.elementor-widget-heading .elementor-heading-title.elementor-size-small{font-size:15px}.elementor-widget-heading .elementor-heading-title.elementor-size-medium{font-size:19px}.elementor-widget-heading .elementor-heading-title.elementor-size-large{font-size:29px}.elementor-widget-heading .elementor-heading-title.elementor-size-xl{font-size:39px}.elementor-widget-heading .elementor-heading-title.elementor-size-xxl{font-size:59px}<\/style><h2 class=\"elementor-heading-title elementor-size-default\">Projects<\/h2>\t\t<\/div>\n\t\t\t\t<\/div>\n\t\t\t\t\t<\/div>\n\t\t\t\t<\/div>\n\t\t<div class=\"elementor-element elementor-element-fa598ff e-flex e-con-boxed e-con e-parent\" data-id=\"fa598ff\" data-element_type=\"container\" data-settings=\"{&quot;background_background&quot;:&quot;classic&quot;}\" data-core-v316-plus=\"true\">\n\t\t\t\t\t<div class=\"e-con-inner\">\n\t\t\t\t<div class=\"elementor-element elementor-element-08483ea elementor-widget elementor-widget-text-editor\" data-id=\"08483ea\" data-element_type=\"widget\" data-widget_type=\"text-editor.default\">\n\t\t\t\t<div class=\"elementor-widget-container\">\n\t\t\t<style>\/*! elementor - v3.20.0 - 26-03-2024 *\/\n.elementor-widget-text-editor.elementor-drop-cap-view-stacked .elementor-drop-cap{background-color:#69727d;color:#fff}.elementor-widget-text-editor.elementor-drop-cap-view-framed .elementor-drop-cap{color:#69727d;border:3px solid;background-color:transparent}.elementor-widget-text-editor:not(.elementor-drop-cap-view-default) .elementor-drop-cap{margin-top:8px}.elementor-widget-text-editor:not(.elementor-drop-cap-view-default) .elementor-drop-cap-letter{width:1em;height:1em}.elementor-widget-text-editor .elementor-drop-cap{float:left;text-align:center;line-height:1;font-size:50px}.elementor-widget-text-editor .elementor-drop-cap-letter{display:inline-block}<\/style>\t\t\t\t<div><p align=\"center\">I initiate and manage various projects. The projects have been developed together with other enthusiasts on the basis of what we are passionate about, the UN's World Goals and Inner Development goals. I have mainly worked with projects in Denmark and Rwanda, but are open to work in other parts of the world. Below you can see examples of projects based on people, nature, culture and regenerative health. \u00a0<\/p><\/div>\t\t\t\t\t\t<\/div>\n\t\t\t\t<\/div>\n\t\t\t\t\t<\/div>\n\t\t\t\t<\/div>\n\t\t<div class=\"elementor-element elementor-element-48fbed3 e-flex e-con-boxed e-con e-parent\" data-id=\"48fbed3\" data-element_type=\"container\" data-core-v316-plus=\"true\">\n\t\t\t\t\t<div class=\"e-con-inner\">\n\t\t\t\t<div class=\"elementor-element elementor-element-18c3ea4 elementor-widget elementor-widget-heading\" data-id=\"18c3ea4\" data-element_type=\"widget\" data-widget_type=\"heading.default\">\n\t\t\t\t<div class=\"elementor-widget-container\">\n\t\t\t<h2 class=\"elementor-heading-title elementor-size-default\">SPRING 2024<\/h2>\t\t<\/div>\n\t\t\t\t<\/div>\n\t\t\t\t\t<\/div>\n\t\t\t\t<\/div>\n\t\t<div class=\"elementor-element elementor-element-0bce047 e-flex e-con-boxed e-con e-parent\" data-id=\"0bce047\" data-element_type=\"container\" data-core-v316-plus=\"true\">\n\t\t\t\t\t<div class=\"e-con-inner\">\n\t\t<div class=\"elementor-element elementor-element-85f5fc0 e-con-full e-flex e-con e-child\" data-id=\"85f5fc0\" data-element_type=\"container\" data-settings=\"{&quot;background_background&quot;:&quot;classic&quot;}\">\n\t\t\t\t<div class=\"elementor-element elementor-element-5245719 elementor-widget elementor-widget-heading\" data-id=\"5245719\" data-element_type=\"widget\" data-widget_type=\"heading.default\">\n\t\t\t\t<div class=\"elementor-widget-container\">\n\t\t\t<h2 class=\"elementor-heading-title elementor-size-default\">Garden to Connect<\/h2>\t\t<\/div>\n\t\t\t\t<\/div>\n\t\t\t\t<div class=\"elementor-element elementor-element-4f57ab7 elementor-widget elementor-widget-text-editor\" data-id=\"4f57ab7\" data-element_type=\"widget\" data-widget_type=\"text-editor.default\">\n\t\t\t\t<div class=\"elementor-widget-container\">\n\t\t\t\t\t\t\t<div><p class=\"p1\"><span class=\"s1\">In spring of 2024, Garden to Connect is working to establish urban gardens at the Institut for X in the heart of Aarhus. With the urban gardens, we want to contribute to green spaces where plants, people and communities can grow.\u00a0<\/span><span class=\"s3\"><i>Garden to Connect<\/i><\/span><span class=\"s1\">\u00a0med at etablere byhaver p\u00e5\u00a0<\/span><a href=\"https:\/\/institutforx.dk\/\"><span class=\"s5\">Institut for (X)<\/span><\/a><span class=\"s1\"> i hjertet af \u00c5rhus. Med haverne \u00f8nsker vi at bidrage til gr\u00f8nne rum, hvor planter, mennesker og f\u00e6llesskaber kan gro.\u00a0<\/span><\/p><\/div>\t\t\t\t\t\t<\/div>\n\t\t\t\t<\/div>\n\t\t\t\t<div class=\"elementor-element elementor-element-c216f28 elementor-align-center elementor-widget elementor-widget-button\" data-id=\"c216f28\" data-element_type=\"widget\" data-widget_type=\"button.default\">\n\t\t\t\t<div class=\"elementor-widget-container\">\n\t\t\t\t\t<div class=\"elementor-button-wrapper\">\n\t\t\t<a class=\"elementor-button elementor-button-link elementor-size-sm\" href=\"http:\/\/mouvo.org\/en\/projekter\/garden-to-connect\/\">\n\t\t\t\t\t\t<span class=\"elementor-button-content-wrapper\">\n\t\t\t\t\t\t<span class=\"elementor-button-text\">Read about the project<\/span>\n\t\t<\/span>\n\t\t\t\t\t<\/a>\n\t\t<\/div>\n\t\t\t\t<\/div>\n\t\t\t\t<\/div>\n\t\t\t\t<\/div>\n\t\t<div class=\"elementor-element elementor-element-c1762f5 e-con-full e-flex e-con e-child\" data-id=\"c1762f5\" data-element_type=\"container\" data-settings=\"{&quot;background_background&quot;:&quot;classic&quot;}\">\n\t\t\t\t<div class=\"elementor-element elementor-element-004284a elementor-flip-box--effect-fade elementor-widget__width-initial elementor-widget-tablet__width-initial elementor-widget-mobile__width-inherit elementor-widget elementor-widget-flip-box\" data-id=\"004284a\" data-element_type=\"widget\" data-widget_type=\"flip-box.default\">\n\t\t\t\t<div class=\"elementor-widget-container\">\n\t\t\t<link rel=\"stylesheet\" href=\"https:\/\/mouvo.org\/wp-content\/plugins\/elementor-pro\/assets\/css\/widget-flip-box.min.css\">\t\t<div class=\"elementor-flip-box\" tabindex=\"0\">\n\t\t\t<div class=\"elementor-flip-box__layer elementor-flip-box__front\">\n\t\t\t\t<div class=\"elementor-flip-box__layer__overlay\">\n\t\t\t\t\t<div class=\"elementor-flip-box__layer__inner\">\n\t\t\t\t\t\t\n\t\t\t\t\t\t\t\t\t\t\t\t\t<h3 class=\"elementor-flip-box__layer__title\">\n\t\t\t\t\t\t\t\tGarden to connect\t\t\t\t\t\t\t<\/h3>\n\t\t\t\t\t\t\n\t\t\t\t\t\t\t\t\t\t\t\t\t<div class=\"elementor-flip-box__layer__description\">\n\t\t\t\t\t\t\t\tProject\t\t\t\t\t\t\t<\/div>\n\t\t\t\t\t\t\t\t\t\t\t<\/div>\n\t\t\t\t<\/div>\n\t\t\t<\/div>\n\t\t\t<div class=\"elementor-flip-box__layer elementor-flip-box__back\">\n\t\t\t<div class=\"elementor-flip-box__layer__overlay\">\n\t\t\t\t<div class=\"elementor-flip-box__layer__inner\">\n\t\t\t\t\t\n\t\t\t\t\t\n\t\t\t\t\t\t\t\t<\/div>\n\t\t<\/div>\n\t\t<\/div>\n\t\t<\/div>\n\t\t\t\t<\/div>\n\t\t\t\t<\/div>\n\t\t\t\t<\/div>\n\t\t\t\t\t<\/div>\n\t\t\t\t<\/div>\n\t\t<div class=\"elementor-element elementor-element-8051ee8 e-flex e-con-boxed e-con e-parent\" data-id=\"8051ee8\" data-element_type=\"container\" data-core-v316-plus=\"true\">\n\t\t\t\t\t<div class=\"e-con-inner\">\n\t\t<div class=\"elementor-element elementor-element-c4caad7 e-con-full e-flex e-con e-child\" data-id=\"c4caad7\" data-element_type=\"container\" data-settings=\"{&quot;background_background&quot;:&quot;classic&quot;}\">\n\t\t\t\t<div class=\"elementor-element elementor-element-e0622ea elementor-flip-box--effect-fade elementor-widget__width-initial elementor-widget-tablet__width-initial elementor-widget-mobile__width-inherit elementor-widget elementor-widget-flip-box\" data-id=\"e0622ea\" data-element_type=\"widget\" data-widget_type=\"flip-box.default\">\n\t\t\t\t<div class=\"elementor-widget-container\">\n\t\t\t\t\t<div class=\"elementor-flip-box\" tabindex=\"0\">\n\t\t\t<div class=\"elementor-flip-box__layer elementor-flip-box__front\">\n\t\t\t\t<div class=\"elementor-flip-box__layer__overlay\">\n\t\t\t\t\t<div class=\"elementor-flip-box__layer__inner\">\n\t\t\t\t\t\t\n\t\t\t\t\t\t\t\t\t\t\t\t\t<h3 class=\"elementor-flip-box__layer__title\">\n\t\t\t\t\t\t\t\tAheza Crew\t\t\t\t\t\t\t<\/h3>\n\t\t\t\t\t\t\n\t\t\t\t\t\t\t\t\t\t\t\t\t<div class=\"elementor-flip-box__layer__description\">\n\t\t\t\t\t\t\t\tProject\t\t\t\t\t\t\t<\/div>\n\t\t\t\t\t\t\t\t\t\t\t<\/div>\n\t\t\t\t<\/div>\n\t\t\t<\/div>\n\t\t\t<div class=\"elementor-flip-box__layer elementor-flip-box__back\">\n\t\t\t<div class=\"elementor-flip-box__layer__overlay\">\n\t\t\t\t<div class=\"elementor-flip-box__layer__inner\">\n\t\t\t\t\t\n\t\t\t\t\t\n\t\t\t\t\t\t\t\t<\/div>\n\t\t<\/div>\n\t\t<\/div>\n\t\t<\/div>\n\t\t\t\t<\/div>\n\t\t\t\t<\/div>\n\t\t\t\t<\/div>\n\t\t<div class=\"elementor-element elementor-element-7bab9d3 e-con-full e-flex e-con e-child\" data-id=\"7bab9d3\" data-element_type=\"container\" data-settings=\"{&quot;background_background&quot;:&quot;classic&quot;}\">\n\t\t\t\t<div class=\"elementor-element elementor-element-fbb77b9 elementor-widget elementor-widget-heading\" data-id=\"fbb77b9\" data-element_type=\"widget\" data-widget_type=\"heading.default\">\n\t\t\t\t<div class=\"elementor-widget-container\">\n\t\t\t<h2 class=\"elementor-heading-title elementor-size-default\">AHEZA CREW TRAINING PROGRAM<\/h2>\t\t<\/div>\n\t\t\t\t<\/div>\n\t\t\t\t<div class=\"elementor-element elementor-element-e953dc5 elementor-widget elementor-widget-text-editor\" data-id=\"e953dc5\" data-element_type=\"widget\" data-widget_type=\"text-editor.default\">\n\t\t\t\t<div class=\"elementor-widget-container\">\n\t\t\t\t\t\t\t<div><p class=\"p1\"><span class=\"s1\">In Rwanda, young girls\/women dance for strength, leadership and agency in a breakdance training program. In collaboration with professional dancers and social workers, we work to ensure that young women gain confidence, skills and knowledge, so that after graduating they can teach other girls in their local area. In order for the girls to remain physically active and continue their schooling despite having their period, we focus on addressing the consequences of period poverty by teaching the girls to sew their own reusable sanitary napkins.<\/span><\/p><\/div>\t\t\t\t\t\t<\/div>\n\t\t\t\t<\/div>\n\t\t\t\t<div class=\"elementor-element elementor-element-73982d7 elementor-align-center elementor-widget elementor-widget-button\" data-id=\"73982d7\" data-element_type=\"widget\" data-widget_type=\"button.default\">\n\t\t\t\t<div class=\"elementor-widget-container\">\n\t\t\t\t\t<div class=\"elementor-button-wrapper\">\n\t\t\t<a class=\"elementor-button elementor-button-link elementor-size-sm\" href=\"http:\/\/mouvo.org\/en\/projekter\/aheza-crew\/\">\n\t\t\t\t\t\t<span class=\"elementor-button-content-wrapper\">\n\t\t\t\t\t\t<span class=\"elementor-button-text\">Read about the project<\/span>\n\t\t<\/span>\n\t\t\t\t\t<\/a>\n\t\t<\/div>\n\t\t\t\t<\/div>\n\t\t\t\t<\/div>\n\t\t\t\t<\/div>\n\t\t\t\t\t<\/div>\n\t\t\t\t<\/div>\n\t\t<div class=\"elementor-element elementor-element-1be5962 e-flex e-con-boxed e-con e-parent\" data-id=\"1be5962\" data-element_type=\"container\" data-core-v316-plus=\"true\">\n\t\t\t\t\t<div class=\"e-con-inner\">\n\t\t\t\t<div class=\"elementor-element elementor-element-4fcf9f1 elementor-widget elementor-widget-heading\" data-id=\"4fcf9f1\" data-element_type=\"widget\" data-widget_type=\"heading.default\">\n\t\t\t\t<div class=\"elementor-widget-container\">\n\t\t\t<h2 class=\"elementor-heading-title elementor-size-default\">PREVIOUS PROJECTS<\/h2>\t\t<\/div>\n\t\t\t\t<\/div>\n\t\t\t\t\t<\/div>\n\t\t\t\t<\/div>\n\t\t<div class=\"elementor-element elementor-element-be2df74 e-flex e-con-boxed e-con e-parent\" data-id=\"be2df74\" data-element_type=\"container\" data-settings=\"{&quot;background_background&quot;:&quot;classic&quot;}\" data-core-v316-plus=\"true\">\n\t\t\t\t\t<div class=\"e-con-inner\">\n\t\t<div class=\"elementor-element elementor-element-0a2ebd5 e-con-full e-flex e-con e-child\" data-id=\"0a2ebd5\" data-element_type=\"container\">\n\t\t\t\t<div class=\"elementor-element elementor-element-3ffe207 elementor-flip-box--effect-fade elementor-widget-tablet__width-initial elementor-widget-mobile__width-inherit elementor-widget elementor-widget-flip-box\" data-id=\"3ffe207\" data-element_type=\"widget\" data-widget_type=\"flip-box.default\">\n\t\t\t\t<div class=\"elementor-widget-container\">\n\t\t\t\t\t<div class=\"elementor-flip-box\" tabindex=\"0\">\n\t\t\t<div class=\"elementor-flip-box__layer elementor-flip-box__front\">\n\t\t\t\t<div class=\"elementor-flip-box__layer__overlay\">\n\t\t\t\t\t<div class=\"elementor-flip-box__layer__inner\">\n\t\t\t\t\t\t\n\t\t\t\t\t\t\t\t\t\t\t\t\t<h3 class=\"elementor-flip-box__layer__title\">\n\t\t\t\t\t\t\t\tCrochet to Connect\t\t\t\t\t\t\t<\/h3>\n\t\t\t\t\t\t\n\t\t\t\t\t\t\t\t\t\t\t\t\t<div class=\"elementor-flip-box__layer__description\">\n\t\t\t\t\t\t\t\tProject\t\t\t\t\t\t\t<\/div>\n\t\t\t\t\t\t\t\t\t\t\t<\/div>\n\t\t\t\t<\/div>\n\t\t\t<\/div>\n\t\t\t<a class=\"elementor-flip-box__layer elementor-flip-box__back\" href=\"http:\/\/mouvo.org\/en\/projekter\/crochet-to-connect\/\">\n\t\t\t<div class=\"elementor-flip-box__layer__overlay\">\n\t\t\t\t<div class=\"elementor-flip-box__layer__inner\">\n\t\t\t\t\t\n\t\t\t\t\t\n\t\t\t\t\t\t\t\t<\/div>\n\t\t<\/div>\n\t\t<\/a>\n\t\t<\/div>\n\t\t\t\t<\/div>\n\t\t\t\t<\/div>\n\t\t\t\t<div class=\"elementor-element elementor-element-7e2dd8b elementor-flip-box--effect-fade elementor-widget-tablet__width-initial elementor-widget-mobile__width-inherit elementor-widget elementor-widget-flip-box\" data-id=\"7e2dd8b\" data-element_type=\"widget\" data-widget_type=\"flip-box.default\">\n\t\t\t\t<div class=\"elementor-widget-container\">\n\t\t\t\t\t<div class=\"elementor-flip-box\" tabindex=\"0\">\n\t\t\t<div class=\"elementor-flip-box__layer elementor-flip-box__front\">\n\t\t\t\t<div class=\"elementor-flip-box__layer__overlay\">\n\t\t\t\t\t<div class=\"elementor-flip-box__layer__inner\">\n\t\t\t\t\t\t\n\t\t\t\t\t\t\t\t\t\t\t\t\t<h3 class=\"elementor-flip-box__layer__title\">\n\t\t\t\t\t\t\t\tKubasha Crew\t\t\t\t\t\t\t<\/h3>\n\t\t\t\t\t\t\n\t\t\t\t\t\t\t\t\t\t\t\t\t<div class=\"elementor-flip-box__layer__description\">\n\t\t\t\t\t\t\t\tProject\t\t\t\t\t\t\t<\/div>\n\t\t\t\t\t\t\t\t\t\t\t<\/div>\n\t\t\t\t<\/div>\n\t\t\t<\/div>\n\t\t\t<a class=\"elementor-flip-box__layer elementor-flip-box__back\" href=\"http:\/\/mouvo.org\/en\/projekter\/kubasha-crew\/\">\n\t\t\t<div class=\"elementor-flip-box__layer__overlay\">\n\t\t\t\t<div class=\"elementor-flip-box__layer__inner\">\n\t\t\t\t\t\n\t\t\t\t\t\n\t\t\t\t\t\t\t\t<\/div>\n\t\t<\/div>\n\t\t<\/a>\n\t\t<\/div>\n\t\t\t\t<\/div>\n\t\t\t\t<\/div>\n\t\t\t\t<\/div>\n\t\t\t\t\t<\/div>\n\t\t\t\t<\/div>\n\t\t\t\t<\/div>","protected":false},"excerpt":{"rendered":"<p>Projekter Jeg igangs\u00e6tter og driver forskellige projekter. Projekterne er udviklet sammen med andre ildsj\u00e6le p\u00e5 baggrund af det vi br\u00e6nder for, FN\u2019s Verdensm\u00e5l og Inner Development goals. Jeg har hovedsageligt arbejdet med projekter i Danmark og Rwanda. Herunder kan du se eksempler p\u00e5 projekter der tager udgangspunkt i mennesker, natur, kultur og regenerativ sundhed. \u00a0 [&hellip;]<\/p>","protected":false},"author":1,"featured_media":1192,"parent":0,"menu_order":0,"comment_status":"closed","ping_status":"closed","template":"","meta":{"footnotes":""},"class_list":["post-17","page","type-page","status-publish","has-post-thumbnail","hentry"],"yoast_head":"<!-- This site is optimized with the Yoast SEO plugin v22.3 - https:\/\/yoast.com\/wordpress\/plugins\/seo\/ -->\n<title>Projekter - mouvo<\/title>\n<meta name=\"robots\" content=\"index, follow, max-snippet:-1, max-image-preview:large, max-video-preview:-1\" \/>\n<link rel=\"canonical\" href=\"http:\/\/mouvo.org\/en\/projekter\/\" \/>\n<meta property=\"og:locale\" content=\"en_US\" \/>\n<meta property=\"og:type\" content=\"article\" \/>\n<meta property=\"og:title\" content=\"Projekter - mouvo\" \/>\n<meta property=\"og:description\" content=\"Projekter Jeg igangs\u00e6tter og driver forskellige projekter. Projekterne er udviklet sammen med andre ildsj\u00e6le p\u00e5 baggrund af det vi br\u00e6nder for, FN\u2019s Verdensm\u00e5l og Inner Development goals. Jeg har hovedsageligt arbejdet med projekter i Danmark og Rwanda. Herunder kan du se eksempler p\u00e5 projekter der tager udgangspunkt i mennesker, natur, kultur og regenerativ sundhed. \u00a0 [&hellip;]\" \/>\n<meta property=\"og:url\" content=\"http:\/\/mouvo.org\/en\/projekter\/\" \/>\n<meta property=\"og:site_name\" content=\"mouvo\" \/>\n<meta property=\"article:modified_time\" content=\"2024-03-26T12:09:20+00:00\" \/>\n<meta property=\"og:image\" content=\"https:\/\/mouvo.org\/wp-content\/uploads\/2024\/03\/Silkjaer_240222-25-scaled.jpg\" \/>\n\t<meta property=\"og:image:width\" content=\"2560\" \/>\n\t<meta property=\"og:image:height\" content=\"1707\" \/>\n\t<meta property=\"og:image:type\" content=\"image\/jpeg\" \/>\n<meta name=\"twitter:card\" content=\"summary_large_image\" \/>\n<meta name=\"twitter:label1\" content=\"Est. reading time\" \/>\n\t<meta name=\"twitter:data1\" content=\"2 minutes\" \/>\n<script type=\"application\/ld+json\" class=\"yoast-schema-graph\">{\"@context\":\"https:\/\/schema.org\",\"@graph\":[{\"@type\":\"WebPage\",\"@id\":\"https:\/\/mouvo.org\/projekter\/\",\"url\":\"https:\/\/mouvo.org\/projekter\/\",\"name\":\"Projekter - mouvo\",\"isPartOf\":{\"@id\":\"https:\/\/mouvo.org\/#website\"},\"primaryImageOfPage\":{\"@id\":\"https:\/\/mouvo.org\/projekter\/#primaryimage\"},\"image\":{\"@id\":\"https:\/\/mouvo.org\/projekter\/#primaryimage\"},\"thumbnailUrl\":\"http:\/\/mouvo.org\/wp-content\/uploads\/2024\/03\/Silkjaer_240222-25-scaled.jpg\",\"datePublished\":\"2024-01-22T14:01:53+00:00\",\"dateModified\":\"2024-03-26T12:09:20+00:00\",\"breadcrumb\":{\"@id\":\"https:\/\/mouvo.org\/projekter\/#breadcrumb\"},\"inLanguage\":\"en-US\",\"potentialAction\":[{\"@type\":\"ReadAction\",\"target\":[\"https:\/\/mouvo.org\/projekter\/\"]}]},{\"@type\":\"ImageObject\",\"inLanguage\":\"en-US\",\"@id\":\"https:\/\/mouvo.org\/projekter\/#primaryimage\",\"url\":\"http:\/\/mouvo.org\/wp-content\/uploads\/2024\/03\/Silkjaer_240222-25-scaled.jpg\",\"contentUrl\":\"http:\/\/mouvo.org\/wp-content\/uploads\/2024\/03\/Silkjaer_240222-25-scaled.jpg\",\"width\":2560,\"height\":1707},{\"@type\":\"BreadcrumbList\",\"@id\":\"https:\/\/mouvo.org\/projekter\/#breadcrumb\",\"itemListElement\":[{\"@type\":\"ListItem\",\"position\":1,\"name\":\"Hjem\",\"item\":\"https:\/\/mouvo.org\/\"},{\"@type\":\"ListItem\",\"position\":2,\"name\":\"Projekter\"}]},{\"@type\":\"WebSite\",\"@id\":\"https:\/\/mouvo.org\/#website\",\"url\":\"https:\/\/mouvo.org\/\",\"name\":\"mouvo\",\"description\":\"\",\"potentialAction\":[{\"@type\":\"SearchAction\",\"target\":{\"@type\":\"EntryPoint\",\"urlTemplate\":\"https:\/\/mouvo.org\/?s={search_term_string}\"},\"query-input\":\"required name=search_term_string\"}],\"inLanguage\":\"en-US\"}]}<\/script>\n<!-- \/ Yoast SEO plugin. -->","yoast_head_json":{"title":"Projekter - mouvo","robots":{"index":"index","follow":"follow","max-snippet":"max-snippet:-1","max-image-preview":"max-image-preview:large","max-video-preview":"max-video-preview:-1"},"canonical":"http:\/\/mouvo.org\/en\/projekter\/","og_locale":"en_US","og_type":"article","og_title":"Projekter - mouvo","og_description":"Projekter Jeg igangs\u00e6tter og driver forskellige projekter. Projekterne er udviklet sammen med andre ildsj\u00e6le p\u00e5 baggrund af det vi br\u00e6nder for, FN\u2019s Verdensm\u00e5l og Inner Development goals. Jeg har hovedsageligt arbejdet med projekter i Danmark og Rwanda. Herunder kan du se eksempler p\u00e5 projekter der tager udgangspunkt i mennesker, natur, kultur og regenerativ sundhed. \u00a0 [&hellip;]","og_url":"http:\/\/mouvo.org\/en\/projekter\/","og_site_name":"mouvo","article_modified_time":"2024-03-26T12:09:20+00:00","og_image":[{"width":2560,"height":1707,"url":"https:\/\/mouvo.org\/wp-content\/uploads\/2024\/03\/Silkjaer_240222-25-scaled.jpg","type":"image\/jpeg"}],"twitter_card":"summary_large_image","twitter_misc":{"Est. reading time":"2 minutes"},"schema":{"@context":"https:\/\/schema.org","@graph":[{"@type":"WebPage","@id":"https:\/\/mouvo.org\/projekter\/","url":"https:\/\/mouvo.org\/projekter\/","name":"Projekter - mouvo","isPartOf":{"@id":"https:\/\/mouvo.org\/#website"},"primaryImageOfPage":{"@id":"https:\/\/mouvo.org\/projekter\/#primaryimage"},"image":{"@id":"https:\/\/mouvo.org\/projekter\/#primaryimage"},"thumbnailUrl":"http:\/\/mouvo.org\/wp-content\/uploads\/2024\/03\/Silkjaer_240222-25-scaled.jpg","datePublished":"2024-01-22T14:01:53+00:00","dateModified":"2024-03-26T12:09:20+00:00","breadcrumb":{"@id":"https:\/\/mouvo.org\/projekter\/#breadcrumb"},"inLanguage":"en-US","potentialAction":[{"@type":"ReadAction","target":["https:\/\/mouvo.org\/projekter\/"]}]},{"@type":"ImageObject","inLanguage":"en-US","@id":"https:\/\/mouvo.org\/projekter\/#primaryimage","url":"http:\/\/mouvo.org\/wp-content\/uploads\/2024\/03\/Silkjaer_240222-25-scaled.jpg","contentUrl":"http:\/\/mouvo.org\/wp-content\/uploads\/2024\/03\/Silkjaer_240222-25-scaled.jpg","width":2560,"height":1707},{"@type":"BreadcrumbList","@id":"https:\/\/mouvo.org\/projekter\/#breadcrumb","itemListElement":[{"@type":"ListItem","position":1,"name":"Hjem","item":"https:\/\/mouvo.org\/"},{"@type":"ListItem","position":2,"name":"Projekter"}]},{"@type":"WebSite","@id":"https:\/\/mouvo.org\/#website","url":"https:\/\/mouvo.org\/","name":"mouvo","description":"","potentialAction":[{"@type":"SearchAction","target":{"@type":"EntryPoint","urlTemplate":"https:\/\/mouvo.org\/?s={search_term_string}"},"query-input":"required name=search_term_string"}],"inLanguage":"en-US"}]}},"_links":{"self":[{"href":"http:\/\/mouvo.org\/en\/wp-json\/wp\/v2\/pages\/17","targetHints":{"allow":["GET"]}}],"collection":[{"href":"http:\/\/mouvo.org\/en\/wp-json\/wp\/v2\/pages"}],"about":[{"href":"http:\/\/mouvo.org\/en\/wp-json\/wp\/v2\/types\/page"}],"author":[{"embeddable":true,"href":"http:\/\/mouvo.org\/en\/wp-json\/wp\/v2\/users\/1"}],"replies":[{"embeddable":true,"href":"http:\/\/mouvo.org\/en\/wp-json\/wp\/v2\/comments?post=17"}],"version-history":[{"count":187,"href":"http:\/\/mouvo.org\/en\/wp-json\/wp\/v2\/pages\/17\/revisions"}],"predecessor-version":[{"id":1933,"href":"http:\/\/mouvo.org\/en\/wp-json\/wp\/v2\/pages\/17\/revisions\/1933"}],"wp:featuredmedia":[{"embeddable":true,"href":"http:\/\/mouvo.org\/en\/wp-json\/wp\/v2\/media\/1192"}],"wp:attachment":[{"href":"http:\/\/mouvo.org\/en\/wp-json\/wp\/v2\/media?parent=17"}],"curies":[{"name":"wp","href":"https:\/\/api.w.org\/{rel}","templated":true}]}}