{"id":23,"date":"2024-01-22T14:02:55","date_gmt":"2024-01-22T14:02:55","guid":{"rendered":"http:\/\/mouvo.org\/?page_id=23"},"modified":"2024-04-10T12:33:58","modified_gmt":"2024-04-10T12:33:58","slug":"kontakt","status":"publish","type":"page","link":"http:\/\/mouvo.org\/en\/kontakt\/","title":{"rendered":"Kontakt mig"},"content":{"rendered":"<div data-elementor-type=\"wp-page\" data-elementor-id=\"23\" class=\"elementor elementor-23\" data-elementor-post-type=\"page\">\n\t\t\t\t<div class=\"elementor-element elementor-element-78cdc0ec e-con-full e-flex e-con e-parent\" data-id=\"78cdc0ec\" data-element_type=\"container\" data-settings=\"{&quot;background_background&quot;:&quot;classic&quot;}\" data-core-v316-plus=\"true\">\n\t\t<div class=\"elementor-element elementor-element-7b06d0b5 e-con-full e-flex e-con e-child\" data-id=\"7b06d0b5\" data-element_type=\"container\">\n\t\t\t\t<div class=\"elementor-element elementor-element-2041e742 elementor-widget elementor-widget-heading\" data-id=\"2041e742\" data-element_type=\"widget\" data-widget_type=\"heading.default\">\n\t\t\t\t<div class=\"elementor-widget-container\">\n\t\t\t<style>\/*! elementor - v3.20.0 - 26-03-2024 *\/\n.elementor-heading-title{padding:0;margin:0;line-height:1}.elementor-widget-heading .elementor-heading-title[class*=elementor-size-]>a{color:inherit;font-size:inherit;line-height:inherit}.elementor-widget-heading .elementor-heading-title.elementor-size-small{font-size:15px}.elementor-widget-heading .elementor-heading-title.elementor-size-medium{font-size:19px}.elementor-widget-heading .elementor-heading-title.elementor-size-large{font-size:29px}.elementor-widget-heading .elementor-heading-title.elementor-size-xl{font-size:39px}.elementor-widget-heading .elementor-heading-title.elementor-size-xxl{font-size:59px}<\/style><h2 class=\"elementor-heading-title elementor-size-default\">I invite you to reach out<\/h2>\t\t<\/div>\n\t\t\t\t<\/div>\n\t\t\t\t<div class=\"elementor-element elementor-element-5bc38dad elementor-widget elementor-widget-heading\" data-id=\"5bc38dad\" data-element_type=\"widget\" data-widget_type=\"heading.default\">\n\t\t\t\t<div class=\"elementor-widget-container\">\n\t\t\t<h3 class=\"elementor-heading-title elementor-size-default\">Perhaps you have become curious to hear more? To develop together? To get advice on a CSR initiative or to participate in a course? I look forward to hearing from you. \n<\/h3>\t\t<\/div>\n\t\t\t\t<\/div>\n\t\t\t\t<div class=\"elementor-element elementor-element-22afec5 elementor-widget elementor-widget-image\" data-id=\"22afec5\" data-element_type=\"widget\" data-widget_type=\"image.default\">\n\t\t\t\t<div class=\"elementor-widget-container\">\n\t\t\t<style>\/*! elementor - v3.20.0 - 26-03-2024 *\/\n.elementor-widget-image{text-align:center}.elementor-widget-image a{display:inline-block}.elementor-widget-image a img[src$=\".svg\"]{width:48px}.elementor-widget-image img{vertical-align:middle;display:inline-block}<\/style>\t\t\t\t\t\t\t\t\t\t<img fetchpriority=\"high\" decoding=\"async\" width=\"447\" height=\"140\" src=\"http:\/\/mouvo.org\/wp-content\/uploads\/2024\/04\/BetinaRingby_underskrift.png\" class=\"attachment-large size-large wp-image-1987\" alt=\"\" srcset=\"http:\/\/mouvo.org\/wp-content\/uploads\/2024\/04\/BetinaRingby_underskrift.png 447w, http:\/\/mouvo.org\/wp-content\/uploads\/2024\/04\/BetinaRingby_underskrift-300x94.png 300w, http:\/\/mouvo.org\/wp-content\/uploads\/2024\/04\/BetinaRingby_underskrift-18x6.png 18w\" sizes=\"(max-width: 447px) 100vw, 447px\" \/>\t\t\t\t\t\t\t\t\t\t\t\t\t<\/div>\n\t\t\t\t<\/div>\n\t\t<div class=\"elementor-element elementor-element-3019f605 e-con-full e-flex e-con e-child\" data-id=\"3019f605\" data-element_type=\"container\">\n\t\t<div class=\"elementor-element elementor-element-7ae7bbdc e-con-full e-flex e-con e-child\" data-id=\"7ae7bbdc\" data-element_type=\"container\">\n\t\t\t\t<div class=\"elementor-element elementor-element-6dc6fe5e elementor-widget elementor-widget-heading\" data-id=\"6dc6fe5e\" data-element_type=\"widget\" data-widget_type=\"heading.default\">\n\t\t\t\t<div class=\"elementor-widget-container\">\n\t\t\t<h2 class=\"elementor-heading-title elementor-size-default\">Email<\/h2>\t\t<\/div>\n\t\t\t\t<\/div>\n\t\t\t\t<div class=\"elementor-element elementor-element-a11151c elementor-widget elementor-widget-heading\" data-id=\"a11151c\" data-element_type=\"widget\" data-widget_type=\"heading.default\">\n\t\t\t\t<div class=\"elementor-widget-container\">\n\t\t\t<h3 class=\"elementor-heading-title elementor-size-default\">ringby@mouvo.org<\/h3>\t\t<\/div>\n\t\t\t\t<\/div>\n\t\t\t\t<\/div>\n\t\t<div class=\"elementor-element elementor-element-b042c29 e-con-full e-flex e-con e-child\" data-id=\"b042c29\" data-element_type=\"container\">\n\t\t\t\t<div class=\"elementor-element elementor-element-b9c66b6 elementor-widget elementor-widget-heading\" data-id=\"b9c66b6\" data-element_type=\"widget\" data-widget_type=\"heading.default\">\n\t\t\t\t<div class=\"elementor-widget-container\">\n\t\t\t<h2 class=\"elementor-heading-title elementor-size-default\">Telephone<\/h2>\t\t<\/div>\n\t\t\t\t<\/div>\n\t\t\t\t<div class=\"elementor-element elementor-element-45076bf elementor-widget elementor-widget-heading\" data-id=\"45076bf\" data-element_type=\"widget\" data-widget_type=\"heading.default\">\n\t\t\t\t<div class=\"elementor-widget-container\">\n\t\t\t<h3 class=\"elementor-heading-title elementor-size-default\">+45 4411 1826<\/h3>\t\t<\/div>\n\t\t\t\t<\/div>\n\t\t\t\t<\/div>\n\t\t\t\t<\/div>\n\t\t\t\t<\/div>\n\t\t<div class=\"elementor-element elementor-element-143d4ea1 e-con-full e-flex e-con e-child\" data-id=\"143d4ea1\" data-element_type=\"container\" data-settings=\"{&quot;background_background&quot;:&quot;classic&quot;}\">\n\t\t\t\t<\/div>\n\t\t\t\t<\/div>\n\t\t\t\t<\/div>","protected":false},"excerpt":{"rendered":"<p>Jeg inviterer dig til at r\u00e6kke ud M\u00e5ske er du blevet nysgerrig efter at h\u00f8re mere? At udvikle sammen? At f\u00e5 sparring p\u00e5 et CSR initiativ eller at deltage p\u00e5 et kursus? Jeg gl\u00e6der mig til at h\u00f8re fra dig. Email ringby@mouvo.org Telefon +45 4411 1826<\/p>","protected":false},"author":1,"featured_media":173,"parent":0,"menu_order":0,"comment_status":"closed","ping_status":"closed","template":"","meta":{"footnotes":""},"class_list":["post-23","page","type-page","status-publish","has-post-thumbnail","hentry"],"yoast_head":"<!-- This site is optimized with the Yoast SEO plugin v22.3 - https:\/\/yoast.com\/wordpress\/plugins\/seo\/ -->\n<title>Kontakt mig - mouvo<\/title>\n<meta name=\"robots\" content=\"index, follow, max-snippet:-1, max-image-preview:large, max-video-preview:-1\" \/>\n<link rel=\"canonical\" href=\"http:\/\/mouvo.org\/en\/kontakt\/\" \/>\n<meta property=\"og:locale\" content=\"en_US\" \/>\n<meta property=\"og:type\" content=\"article\" \/>\n<meta property=\"og:title\" content=\"Kontakt mig - mouvo\" \/>\n<meta property=\"og:description\" content=\"Jeg inviterer dig til at r\u00e6kke ud M\u00e5ske er du blevet nysgerrig efter at h\u00f8re mere? At udvikle sammen? At f\u00e5 sparring p\u00e5 et CSR initiativ eller at deltage p\u00e5 et kursus? Jeg gl\u00e6der mig til at h\u00f8re fra dig. Email ringby@mouvo.org Telefon +45 4411 1826\" \/>\n<meta property=\"og:url\" content=\"http:\/\/mouvo.org\/en\/kontakt\/\" \/>\n<meta property=\"og:site_name\" content=\"mouvo\" \/>\n<meta property=\"article:modified_time\" content=\"2024-04-10T12:33:58+00:00\" \/>\n<meta property=\"og:image\" content=\"http:\/\/mouvo.org\/wp-content\/uploads\/2024\/02\/DSC_8566-Edit-scaled.jpg\" \/>\n\t<meta property=\"og:image:width\" content=\"2560\" \/>\n\t<meta property=\"og:image:height\" content=\"1703\" \/>\n\t<meta property=\"og:image:type\" content=\"image\/jpeg\" \/>\n<meta name=\"twitter:card\" content=\"summary_large_image\" \/>\n<meta name=\"twitter:label1\" content=\"Est. reading time\" \/>\n\t<meta name=\"twitter:data1\" content=\"1 minute\" \/>\n<script type=\"application\/ld+json\" class=\"yoast-schema-graph\">{\"@context\":\"https:\/\/schema.org\",\"@graph\":[{\"@type\":\"WebPage\",\"@id\":\"http:\/\/mouvo.org\/en\/kontakt\/\",\"url\":\"http:\/\/mouvo.org\/en\/kontakt\/\",\"name\":\"Kontakt mig - mouvo\",\"isPartOf\":{\"@id\":\"https:\/\/mouvo.org\/#website\"},\"primaryImageOfPage\":{\"@id\":\"http:\/\/mouvo.org\/en\/kontakt\/#primaryimage\"},\"image\":{\"@id\":\"http:\/\/mouvo.org\/en\/kontakt\/#primaryimage\"},\"thumbnailUrl\":\"http:\/\/mouvo.org\/wp-content\/uploads\/2024\/02\/DSC_8566-Edit-scaled.jpg\",\"datePublished\":\"2024-01-22T14:02:55+00:00\",\"dateModified\":\"2024-04-10T12:33:58+00:00\",\"breadcrumb\":{\"@id\":\"http:\/\/mouvo.org\/en\/kontakt\/#breadcrumb\"},\"inLanguage\":\"en-US\",\"potentialAction\":[{\"@type\":\"ReadAction\",\"target\":[\"http:\/\/mouvo.org\/en\/kontakt\/\"]}]},{\"@type\":\"ImageObject\",\"inLanguage\":\"en-US\",\"@id\":\"http:\/\/mouvo.org\/en\/kontakt\/#primaryimage\",\"url\":\"http:\/\/mouvo.org\/wp-content\/uploads\/2024\/02\/DSC_8566-Edit-scaled.jpg\",\"contentUrl\":\"http:\/\/mouvo.org\/wp-content\/uploads\/2024\/02\/DSC_8566-Edit-scaled.jpg\",\"width\":2560,\"height\":1703},{\"@type\":\"BreadcrumbList\",\"@id\":\"http:\/\/mouvo.org\/en\/kontakt\/#breadcrumb\",\"itemListElement\":[{\"@type\":\"ListItem\",\"position\":1,\"name\":\"Hjem\",\"item\":\"https:\/\/mouvo.org\/\"},{\"@type\":\"ListItem\",\"position\":2,\"name\":\"Kontakt mig\"}]},{\"@type\":\"WebSite\",\"@id\":\"https:\/\/mouvo.org\/#website\",\"url\":\"https:\/\/mouvo.org\/\",\"name\":\"mouvo\",\"description\":\"\",\"potentialAction\":[{\"@type\":\"SearchAction\",\"target\":{\"@type\":\"EntryPoint\",\"urlTemplate\":\"https:\/\/mouvo.org\/?s={search_term_string}\"},\"query-input\":\"required name=search_term_string\"}],\"inLanguage\":\"en-US\"}]}<\/script>\n<!-- \/ Yoast SEO plugin. -->","yoast_head_json":{"title":"Kontakt mig - mouvo","robots":{"index":"index","follow":"follow","max-snippet":"max-snippet:-1","max-image-preview":"max-image-preview:large","max-video-preview":"max-video-preview:-1"},"canonical":"http:\/\/mouvo.org\/en\/kontakt\/","og_locale":"en_US","og_type":"article","og_title":"Kontakt mig - mouvo","og_description":"Jeg inviterer dig til at r\u00e6kke ud M\u00e5ske er du blevet nysgerrig efter at h\u00f8re mere? At udvikle sammen? At f\u00e5 sparring p\u00e5 et CSR initiativ eller at deltage p\u00e5 et kursus? Jeg gl\u00e6der mig til at h\u00f8re fra dig. Email ringby@mouvo.org Telefon +45 4411 1826","og_url":"http:\/\/mouvo.org\/en\/kontakt\/","og_site_name":"mouvo","article_modified_time":"2024-04-10T12:33:58+00:00","og_image":[{"width":2560,"height":1703,"url":"http:\/\/mouvo.org\/wp-content\/uploads\/2024\/02\/DSC_8566-Edit-scaled.jpg","type":"image\/jpeg"}],"twitter_card":"summary_large_image","twitter_misc":{"Est. reading time":"1 minute"},"schema":{"@context":"https:\/\/schema.org","@graph":[{"@type":"WebPage","@id":"http:\/\/mouvo.org\/en\/kontakt\/","url":"http:\/\/mouvo.org\/en\/kontakt\/","name":"Kontakt mig - mouvo","isPartOf":{"@id":"https:\/\/mouvo.org\/#website"},"primaryImageOfPage":{"@id":"http:\/\/mouvo.org\/en\/kontakt\/#primaryimage"},"image":{"@id":"http:\/\/mouvo.org\/en\/kontakt\/#primaryimage"},"thumbnailUrl":"http:\/\/mouvo.org\/wp-content\/uploads\/2024\/02\/DSC_8566-Edit-scaled.jpg","datePublished":"2024-01-22T14:02:55+00:00","dateModified":"2024-04-10T12:33:58+00:00","breadcrumb":{"@id":"http:\/\/mouvo.org\/en\/kontakt\/#breadcrumb"},"inLanguage":"en-US","potentialAction":[{"@type":"ReadAction","target":["http:\/\/mouvo.org\/en\/kontakt\/"]}]},{"@type":"ImageObject","inLanguage":"en-US","@id":"http:\/\/mouvo.org\/en\/kontakt\/#primaryimage","url":"http:\/\/mouvo.org\/wp-content\/uploads\/2024\/02\/DSC_8566-Edit-scaled.jpg","contentUrl":"http:\/\/mouvo.org\/wp-content\/uploads\/2024\/02\/DSC_8566-Edit-scaled.jpg","width":2560,"height":1703},{"@type":"BreadcrumbList","@id":"http:\/\/mouvo.org\/en\/kontakt\/#breadcrumb","itemListElement":[{"@type":"ListItem","position":1,"name":"Hjem","item":"https:\/\/mouvo.org\/"},{"@type":"ListItem","position":2,"name":"Kontakt mig"}]},{"@type":"WebSite","@id":"https:\/\/mouvo.org\/#website","url":"https:\/\/mouvo.org\/","name":"mouvo","description":"","potentialAction":[{"@type":"SearchAction","target":{"@type":"EntryPoint","urlTemplate":"https:\/\/mouvo.org\/?s={search_term_string}"},"query-input":"required name=search_term_string"}],"inLanguage":"en-US"}]}},"_links":{"self":[{"href":"http:\/\/mouvo.org\/en\/wp-json\/wp\/v2\/pages\/23","targetHints":{"allow":["GET"]}}],"collection":[{"href":"http:\/\/mouvo.org\/en\/wp-json\/wp\/v2\/pages"}],"about":[{"href":"http:\/\/mouvo.org\/en\/wp-json\/wp\/v2\/types\/page"}],"author":[{"embeddable":true,"href":"http:\/\/mouvo.org\/en\/wp-json\/wp\/v2\/users\/1"}],"replies":[{"embeddable":true,"href":"http:\/\/mouvo.org\/en\/wp-json\/wp\/v2\/comments?post=23"}],"version-history":[{"count":94,"href":"http:\/\/mouvo.org\/en\/wp-json\/wp\/v2\/pages\/23\/revisions"}],"predecessor-version":[{"id":1996,"href":"http:\/\/mouvo.org\/en\/wp-json\/wp\/v2\/pages\/23\/revisions\/1996"}],"wp:featuredmedia":[{"embeddable":true,"href":"http:\/\/mouvo.org\/en\/wp-json\/wp\/v2\/media\/173"}],"wp:attachment":[{"href":"http:\/\/mouvo.org\/en\/wp-json\/wp\/v2\/media?parent=23"}],"curies":[{"name":"wp","href":"https:\/\/api.w.org\/{rel}","templated":true}]}}