{"id":274,"date":"2024-02-05T12:53:29","date_gmt":"2024-02-05T12:53:29","guid":{"rendered":"http:\/\/mouvo.org\/?page_id=274"},"modified":"2024-03-22T12:13:41","modified_gmt":"2024-03-22T12:13:41","slug":"naturligt-pesticid-og-kompost","status":"publish","type":"page","link":"http:\/\/mouvo.org\/en\/projekter\/naturligt-pesticid-og-kompost\/","title":{"rendered":"Natural pesticide and compost"},"content":{"rendered":"<div data-elementor-type=\"wp-page\" data-elementor-id=\"274\" class=\"elementor elementor-274\" data-elementor-post-type=\"page\">\n\t\t\t\t<div class=\"elementor-element elementor-element-7d3b7ae e-con-full e-flex e-con e-parent\" data-id=\"7d3b7ae\" data-element_type=\"container\" data-settings=\"{&quot;background_background&quot;:&quot;classic&quot;}\" data-core-v316-plus=\"true\">\n\t\t\t\t<div class=\"elementor-element elementor-element-eb9bb41 elementor-widget__width-initial elementor-widget-tablet__width-inherit elementor-widget elementor-widget-heading\" data-id=\"eb9bb41\" data-element_type=\"widget\" data-widget_type=\"heading.default\">\n\t\t\t\t<div class=\"elementor-widget-container\">\n\t\t\t<style>\/*! elementor - v3.20.0 - 26-03-2024 *\/\n.elementor-heading-title{padding:0;margin:0;line-height:1}.elementor-widget-heading .elementor-heading-title[class*=elementor-size-]>a{color:inherit;font-size:inherit;line-height:inherit}.elementor-widget-heading .elementor-heading-title.elementor-size-small{font-size:15px}.elementor-widget-heading .elementor-heading-title.elementor-size-medium{font-size:19px}.elementor-widget-heading .elementor-heading-title.elementor-size-large{font-size:29px}.elementor-widget-heading .elementor-heading-title.elementor-size-xl{font-size:39px}.elementor-widget-heading .elementor-heading-title.elementor-size-xxl{font-size:59px}<\/style><h2 class=\"elementor-heading-title elementor-size-default\">Project<\/h2>\t\t<\/div>\n\t\t\t\t<\/div>\n\t\t\t\t<div class=\"elementor-element elementor-element-c014f25 elementor-widget__width-initial elementor-widget-tablet__width-inherit elementor-widget elementor-widget-heading\" data-id=\"c014f25\" data-element_type=\"widget\" data-widget_type=\"heading.default\">\n\t\t\t\t<div class=\"elementor-widget-container\">\n\t\t\t<h2 class=\"elementor-heading-title elementor-size-default\">Natural pesticide and compost<\/h2>\t\t<\/div>\n\t\t\t\t<\/div>\n\t\t\t\t<\/div>\n\t\t<div class=\"elementor-element elementor-element-1f53fd0 e-flex e-con-boxed e-con e-parent\" data-id=\"1f53fd0\" data-element_type=\"container\" data-settings=\"{&quot;background_background&quot;:&quot;classic&quot;}\" data-core-v316-plus=\"true\">\n\t\t\t\t\t<div class=\"e-con-inner\">\n\t\t<div class=\"elementor-element elementor-element-3cbd612 e-con-full e-flex e-con e-child\" data-id=\"3cbd612\" data-element_type=\"container\">\n\t\t\t\t<div class=\"elementor-element elementor-element-9ae6c2e elementor-invisible elementor-widget elementor-widget-heading\" data-id=\"9ae6c2e\" data-element_type=\"widget\" data-settings=\"{&quot;_animation&quot;:&quot;fadeIn&quot;}\" data-widget_type=\"heading.default\">\n\t\t\t\t<div class=\"elementor-widget-container\">\n\t\t\t<h2 class=\"elementor-heading-title elementor-size-default\">About the Project<\/h2>\t\t<\/div>\n\t\t\t\t<\/div>\n\t\t\t\t<div class=\"elementor-element elementor-element-8fa2d52 elementor-widget elementor-widget-text-editor\" data-id=\"8fa2d52\" data-element_type=\"widget\" data-widget_type=\"text-editor.default\">\n\t\t\t\t<div class=\"elementor-widget-container\">\n\t\t\t<style>\/*! elementor - v3.20.0 - 26-03-2024 *\/\n.elementor-widget-text-editor.elementor-drop-cap-view-stacked .elementor-drop-cap{background-color:#69727d;color:#fff}.elementor-widget-text-editor.elementor-drop-cap-view-framed .elementor-drop-cap{color:#69727d;border:3px solid;background-color:transparent}.elementor-widget-text-editor:not(.elementor-drop-cap-view-default) .elementor-drop-cap{margin-top:8px}.elementor-widget-text-editor:not(.elementor-drop-cap-view-default) .elementor-drop-cap-letter{width:1em;height:1em}.elementor-widget-text-editor .elementor-drop-cap{float:left;text-align:center;line-height:1;font-size:50px}.elementor-widget-text-editor .elementor-drop-cap-letter{display:inline-block}<\/style>\t\t\t\t<div><h5 style=\"font-weight: 400;\">Garlic and chili pepper for healthy veggies<\/h5><p style=\"font-weight: 400;\">An organic Garden to Connect was the goal. Together with an organic gardener, we created educational activities for young people on how to mix a DIY natural pesticide. Garlic, chili pepper, ash and soap were chopped and mixed with water.<\/p><p style=\"font-weight: 400;\">We also taught about compost - what compost is and how to make and use compost. All sessions were practical teaching, and a 'green' learning journey was launched.<\/p><p style=\"font-weight: 400;\">Young people showed great interest in the activities, as they wanted to learn how to grow healthy vegetables.<\/p><\/div><div><p class=\"m6379683659809544382m-2163979663977640145msolistparagraph\">\u00a0<\/p><\/div>\t\t\t\t\t\t<\/div>\n\t\t\t\t<\/div>\n\t\t\t\t<\/div>\n\t\t<div class=\"elementor-element elementor-element-66fe914 e-con-full e-flex e-con e-child\" data-id=\"66fe914\" data-element_type=\"container\">\n\t\t\t\t<div class=\"elementor-element elementor-element-c407867 elementor-widget elementor-widget-image\" data-id=\"c407867\" data-element_type=\"widget\" data-widget_type=\"image.default\">\n\t\t\t\t<div class=\"elementor-widget-container\">\n\t\t\t<style>\/*! elementor - v3.20.0 - 26-03-2024 *\/\n.elementor-widget-image{text-align:center}.elementor-widget-image a{display:inline-block}.elementor-widget-image a img[src$=\".svg\"]{width:48px}.elementor-widget-image img{vertical-align:middle;display:inline-block}<\/style>\t\t\t\t\t\t\t\t\t\t<img decoding=\"async\" src=\"http:\/\/mouvo.org\/wp-content\/uploads\/elementor\/thumbs\/40b94018-df36-4369-af5b-cfcd2c95193f-qk1jt70f7x1cl37ubjwgvs2tvdpzy1xb1lwmn2z9fs.jpg\" title=\"40b94018-df36-4369-af5b-cfcd2c95193f\" alt=\"40b94018-df36-4369-af5b-cfcd2c95193f\" loading=\"lazy\" \/>\t\t\t\t\t\t\t\t\t\t\t\t\t<\/div>\n\t\t\t\t<\/div>\n\t\t\t\t<\/div>\n\t\t\t\t\t<\/div>\n\t\t\t\t<\/div>\n\t\t\t\t<\/div>","protected":false},"excerpt":{"rendered":"<p>Projekt Naturligt pesticid og kompost Om projektet Hvidl\u00f8g og chilipeber for sunde gr\u00f8nsager En \u00f8kologisk Garden to Connect var m\u00e5let. Sammen med en \u00f8kologisk gartner lavede vi uddannelsesaktiviteter for unge om, hvordan man blander et DIY naturligt pesticid. Hvidl\u00f8g, chilipeber, aske og s\u00e6be blev hakket og blandet med vand. Vi underviste ogs\u00e5 i kompost &#8211; [&hellip;]<\/p>","protected":false},"author":1,"featured_media":286,"parent":17,"menu_order":0,"comment_status":"closed","ping_status":"closed","template":"","meta":{"footnotes":""},"class_list":["post-274","page","type-page","status-publish","has-post-thumbnail","hentry"],"yoast_head":"<!-- This site is optimized with the Yoast SEO plugin v22.3 - https:\/\/yoast.com\/wordpress\/plugins\/seo\/ -->\n<title>Naturligt pesticid og kompost - mouvo<\/title>\n<meta name=\"robots\" content=\"index, follow, max-snippet:-1, max-image-preview:large, max-video-preview:-1\" \/>\n<link rel=\"canonical\" href=\"http:\/\/mouvo.org\/en\/projekter\/naturligt-pesticid-og-kompost\/\" \/>\n<meta property=\"og:locale\" content=\"en_US\" \/>\n<meta property=\"og:type\" content=\"article\" \/>\n<meta property=\"og:title\" content=\"Naturligt pesticid og kompost - mouvo\" \/>\n<meta property=\"og:description\" content=\"Projekt Naturligt pesticid og kompost Om projektet Hvidl\u00f8g og chilipeber for sunde gr\u00f8nsager En \u00f8kologisk Garden to Connect var m\u00e5let. Sammen med en \u00f8kologisk gartner lavede vi uddannelsesaktiviteter for unge om, hvordan man blander et DIY naturligt pesticid. Hvidl\u00f8g, chilipeber, aske og s\u00e6be blev hakket og blandet med vand. Vi underviste ogs\u00e5 i kompost &#8211; [&hellip;]\" \/>\n<meta property=\"og:url\" content=\"http:\/\/mouvo.org\/en\/projekter\/naturligt-pesticid-og-kompost\/\" \/>\n<meta property=\"og:site_name\" content=\"mouvo\" \/>\n<meta property=\"article:modified_time\" content=\"2024-03-22T12:13:41+00:00\" \/>\n<meta property=\"og:image\" content=\"https:\/\/mouvo.org\/wp-content\/uploads\/2024\/02\/IMG_6323-scaled.jpg\" \/>\n\t<meta property=\"og:image:width\" content=\"2560\" \/>\n\t<meta property=\"og:image:height\" content=\"1707\" \/>\n\t<meta property=\"og:image:type\" content=\"image\/jpeg\" \/>\n<meta name=\"twitter:card\" content=\"summary_large_image\" \/>\n<meta name=\"twitter:label1\" content=\"Est. reading time\" \/>\n\t<meta name=\"twitter:data1\" content=\"1 minute\" \/>\n<script type=\"application\/ld+json\" class=\"yoast-schema-graph\">{\"@context\":\"https:\/\/schema.org\",\"@graph\":[{\"@type\":\"WebPage\",\"@id\":\"https:\/\/mouvo.org\/projekter\/naturligt-pesticid-og-kompost\/\",\"url\":\"https:\/\/mouvo.org\/projekter\/naturligt-pesticid-og-kompost\/\",\"name\":\"Naturligt pesticid og kompost - mouvo\",\"isPartOf\":{\"@id\":\"https:\/\/mouvo.org\/#website\"},\"primaryImageOfPage\":{\"@id\":\"https:\/\/mouvo.org\/projekter\/naturligt-pesticid-og-kompost\/#primaryimage\"},\"image\":{\"@id\":\"https:\/\/mouvo.org\/projekter\/naturligt-pesticid-og-kompost\/#primaryimage\"},\"thumbnailUrl\":\"http:\/\/mouvo.org\/wp-content\/uploads\/2024\/02\/IMG_6323-scaled.jpg\",\"datePublished\":\"2024-02-05T12:53:29+00:00\",\"dateModified\":\"2024-03-22T12:13:41+00:00\",\"breadcrumb\":{\"@id\":\"https:\/\/mouvo.org\/projekter\/naturligt-pesticid-og-kompost\/#breadcrumb\"},\"inLanguage\":\"en-US\",\"potentialAction\":[{\"@type\":\"ReadAction\",\"target\":[\"https:\/\/mouvo.org\/projekter\/naturligt-pesticid-og-kompost\/\"]}]},{\"@type\":\"ImageObject\",\"inLanguage\":\"en-US\",\"@id\":\"https:\/\/mouvo.org\/projekter\/naturligt-pesticid-og-kompost\/#primaryimage\",\"url\":\"http:\/\/mouvo.org\/wp-content\/uploads\/2024\/02\/IMG_6323-scaled.jpg\",\"contentUrl\":\"http:\/\/mouvo.org\/wp-content\/uploads\/2024\/02\/IMG_6323-scaled.jpg\",\"width\":2560,\"height\":1707},{\"@type\":\"BreadcrumbList\",\"@id\":\"https:\/\/mouvo.org\/projekter\/naturligt-pesticid-og-kompost\/#breadcrumb\",\"itemListElement\":[{\"@type\":\"ListItem\",\"position\":1,\"name\":\"Hjem\",\"item\":\"https:\/\/mouvo.org\/\"},{\"@type\":\"ListItem\",\"position\":2,\"name\":\"Projekter\",\"item\":\"https:\/\/mouvo.org\/projekter\/\"},{\"@type\":\"ListItem\",\"position\":3,\"name\":\"Naturligt pesticid og kompost\"}]},{\"@type\":\"WebSite\",\"@id\":\"https:\/\/mouvo.org\/#website\",\"url\":\"https:\/\/mouvo.org\/\",\"name\":\"mouvo\",\"description\":\"\",\"potentialAction\":[{\"@type\":\"SearchAction\",\"target\":{\"@type\":\"EntryPoint\",\"urlTemplate\":\"https:\/\/mouvo.org\/?s={search_term_string}\"},\"query-input\":\"required name=search_term_string\"}],\"inLanguage\":\"en-US\"}]}<\/script>\n<!-- \/ Yoast SEO plugin. -->","yoast_head_json":{"title":"Naturligt pesticid og kompost - mouvo","robots":{"index":"index","follow":"follow","max-snippet":"max-snippet:-1","max-image-preview":"max-image-preview:large","max-video-preview":"max-video-preview:-1"},"canonical":"http:\/\/mouvo.org\/en\/projekter\/naturligt-pesticid-og-kompost\/","og_locale":"en_US","og_type":"article","og_title":"Naturligt pesticid og kompost - mouvo","og_description":"Projekt Naturligt pesticid og kompost Om projektet Hvidl\u00f8g og chilipeber for sunde gr\u00f8nsager En \u00f8kologisk Garden to Connect var m\u00e5let. Sammen med en \u00f8kologisk gartner lavede vi uddannelsesaktiviteter for unge om, hvordan man blander et DIY naturligt pesticid. Hvidl\u00f8g, chilipeber, aske og s\u00e6be blev hakket og blandet med vand. Vi underviste ogs\u00e5 i kompost &#8211; [&hellip;]","og_url":"http:\/\/mouvo.org\/en\/projekter\/naturligt-pesticid-og-kompost\/","og_site_name":"mouvo","article_modified_time":"2024-03-22T12:13:41+00:00","og_image":[{"width":2560,"height":1707,"url":"https:\/\/mouvo.org\/wp-content\/uploads\/2024\/02\/IMG_6323-scaled.jpg","type":"image\/jpeg"}],"twitter_card":"summary_large_image","twitter_misc":{"Est. reading time":"1 minute"},"schema":{"@context":"https:\/\/schema.org","@graph":[{"@type":"WebPage","@id":"https:\/\/mouvo.org\/projekter\/naturligt-pesticid-og-kompost\/","url":"https:\/\/mouvo.org\/projekter\/naturligt-pesticid-og-kompost\/","name":"Naturligt pesticid og kompost - mouvo","isPartOf":{"@id":"https:\/\/mouvo.org\/#website"},"primaryImageOfPage":{"@id":"https:\/\/mouvo.org\/projekter\/naturligt-pesticid-og-kompost\/#primaryimage"},"image":{"@id":"https:\/\/mouvo.org\/projekter\/naturligt-pesticid-og-kompost\/#primaryimage"},"thumbnailUrl":"http:\/\/mouvo.org\/wp-content\/uploads\/2024\/02\/IMG_6323-scaled.jpg","datePublished":"2024-02-05T12:53:29+00:00","dateModified":"2024-03-22T12:13:41+00:00","breadcrumb":{"@id":"https:\/\/mouvo.org\/projekter\/naturligt-pesticid-og-kompost\/#breadcrumb"},"inLanguage":"en-US","potentialAction":[{"@type":"ReadAction","target":["https:\/\/mouvo.org\/projekter\/naturligt-pesticid-og-kompost\/"]}]},{"@type":"ImageObject","inLanguage":"en-US","@id":"https:\/\/mouvo.org\/projekter\/naturligt-pesticid-og-kompost\/#primaryimage","url":"http:\/\/mouvo.org\/wp-content\/uploads\/2024\/02\/IMG_6323-scaled.jpg","contentUrl":"http:\/\/mouvo.org\/wp-content\/uploads\/2024\/02\/IMG_6323-scaled.jpg","width":2560,"height":1707},{"@type":"BreadcrumbList","@id":"https:\/\/mouvo.org\/projekter\/naturligt-pesticid-og-kompost\/#breadcrumb","itemListElement":[{"@type":"ListItem","position":1,"name":"Hjem","item":"https:\/\/mouvo.org\/"},{"@type":"ListItem","position":2,"name":"Projekter","item":"https:\/\/mouvo.org\/projekter\/"},{"@type":"ListItem","position":3,"name":"Naturligt pesticid og kompost"}]},{"@type":"WebSite","@id":"https:\/\/mouvo.org\/#website","url":"https:\/\/mouvo.org\/","name":"mouvo","description":"","potentialAction":[{"@type":"SearchAction","target":{"@type":"EntryPoint","urlTemplate":"https:\/\/mouvo.org\/?s={search_term_string}"},"query-input":"required name=search_term_string"}],"inLanguage":"en-US"}]}},"_links":{"self":[{"href":"http:\/\/mouvo.org\/en\/wp-json\/wp\/v2\/pages\/274","targetHints":{"allow":["GET"]}}],"collection":[{"href":"http:\/\/mouvo.org\/en\/wp-json\/wp\/v2\/pages"}],"about":[{"href":"http:\/\/mouvo.org\/en\/wp-json\/wp\/v2\/types\/page"}],"author":[{"embeddable":true,"href":"http:\/\/mouvo.org\/en\/wp-json\/wp\/v2\/users\/1"}],"replies":[{"embeddable":true,"href":"http:\/\/mouvo.org\/en\/wp-json\/wp\/v2\/comments?post=274"}],"version-history":[{"count":47,"href":"http:\/\/mouvo.org\/en\/wp-json\/wp\/v2\/pages\/274\/revisions"}],"predecessor-version":[{"id":1803,"href":"http:\/\/mouvo.org\/en\/wp-json\/wp\/v2\/pages\/274\/revisions\/1803"}],"up":[{"embeddable":true,"href":"http:\/\/mouvo.org\/en\/wp-json\/wp\/v2\/pages\/17"}],"wp:featuredmedia":[{"embeddable":true,"href":"http:\/\/mouvo.org\/en\/wp-json\/wp\/v2\/media\/286"}],"wp:attachment":[{"href":"http:\/\/mouvo.org\/en\/wp-json\/wp\/v2\/media?parent=274"}],"curies":[{"name":"wp","href":"https:\/\/api.w.org\/{rel}","templated":true}]}}