{"id":277,"date":"2024-02-05T12:54:07","date_gmt":"2024-02-05T12:54:07","guid":{"rendered":"http:\/\/mouvo.org\/?page_id=277"},"modified":"2024-03-22T12:13:14","modified_gmt":"2024-03-22T12:13:14","slug":"clean-cooking","status":"publish","type":"page","link":"http:\/\/mouvo.org\/en\/projekter\/clean-cooking\/","title":{"rendered":"Clean cooking"},"content":{"rendered":"<div data-elementor-type=\"wp-page\" data-elementor-id=\"277\" class=\"elementor elementor-277\" data-elementor-post-type=\"page\">\n\t\t\t\t<div class=\"elementor-element elementor-element-fd723d8 e-con-full e-flex e-con e-parent\" data-id=\"fd723d8\" data-element_type=\"container\" data-settings=\"{&quot;background_background&quot;:&quot;classic&quot;}\" data-core-v316-plus=\"true\">\n\t\t\t\t<div class=\"elementor-element elementor-element-7260605 elementor-widget__width-initial elementor-widget-tablet__width-inherit elementor-widget elementor-widget-heading\" data-id=\"7260605\" data-element_type=\"widget\" data-widget_type=\"heading.default\">\n\t\t\t\t<div class=\"elementor-widget-container\">\n\t\t\t<style>\/*! elementor - v3.20.0 - 26-03-2024 *\/\n.elementor-heading-title{padding:0;margin:0;line-height:1}.elementor-widget-heading .elementor-heading-title[class*=elementor-size-]>a{color:inherit;font-size:inherit;line-height:inherit}.elementor-widget-heading .elementor-heading-title.elementor-size-small{font-size:15px}.elementor-widget-heading .elementor-heading-title.elementor-size-medium{font-size:19px}.elementor-widget-heading .elementor-heading-title.elementor-size-large{font-size:29px}.elementor-widget-heading .elementor-heading-title.elementor-size-xl{font-size:39px}.elementor-widget-heading .elementor-heading-title.elementor-size-xxl{font-size:59px}<\/style><h2 class=\"elementor-heading-title elementor-size-default\">Project<\/h2>\t\t<\/div>\n\t\t\t\t<\/div>\n\t\t\t\t<div class=\"elementor-element elementor-element-b34919e elementor-widget__width-initial elementor-widget-tablet__width-inherit elementor-widget elementor-widget-heading\" data-id=\"b34919e\" data-element_type=\"widget\" data-widget_type=\"heading.default\">\n\t\t\t\t<div class=\"elementor-widget-container\">\n\t\t\t<h2 class=\"elementor-heading-title elementor-size-default\">Clean cooking<\/h2>\t\t<\/div>\n\t\t\t\t<\/div>\n\t\t\t\t<\/div>\n\t\t<div class=\"elementor-element elementor-element-ee67e40 e-flex e-con-boxed e-con e-parent\" data-id=\"ee67e40\" data-element_type=\"container\" data-settings=\"{&quot;background_background&quot;:&quot;classic&quot;}\" data-core-v316-plus=\"true\">\n\t\t\t\t\t<div class=\"e-con-inner\">\n\t\t<div class=\"elementor-element elementor-element-bb1a0e0 e-con-full e-flex e-con e-child\" data-id=\"bb1a0e0\" data-element_type=\"container\">\n\t\t\t\t<div class=\"elementor-element elementor-element-d1d7068 elementor-invisible elementor-widget elementor-widget-heading\" data-id=\"d1d7068\" data-element_type=\"widget\" data-settings=\"{&quot;_animation&quot;:&quot;fadeIn&quot;}\" data-widget_type=\"heading.default\">\n\t\t\t\t<div class=\"elementor-widget-container\">\n\t\t\t<h2 class=\"elementor-heading-title elementor-size-default\">About the Project<\/h2>\t\t<\/div>\n\t\t\t\t<\/div>\n\t\t\t\t<div class=\"elementor-element elementor-element-156b97e elementor-widget elementor-widget-text-editor\" data-id=\"156b97e\" data-element_type=\"widget\" data-widget_type=\"text-editor.default\">\n\t\t\t\t<div class=\"elementor-widget-container\">\n\t\t\t<style>\/*! elementor - v3.20.0 - 26-03-2024 *\/\n.elementor-widget-text-editor.elementor-drop-cap-view-stacked .elementor-drop-cap{background-color:#69727d;color:#fff}.elementor-widget-text-editor.elementor-drop-cap-view-framed .elementor-drop-cap{color:#69727d;border:3px solid;background-color:transparent}.elementor-widget-text-editor:not(.elementor-drop-cap-view-default) .elementor-drop-cap{margin-top:8px}.elementor-widget-text-editor:not(.elementor-drop-cap-view-default) .elementor-drop-cap-letter{width:1em;height:1em}.elementor-widget-text-editor .elementor-drop-cap{float:left;text-align:center;line-height:1;font-size:50px}.elementor-widget-text-editor .elementor-drop-cap-letter{display:inline-block}<\/style>\t\t\t\t<div><h5>Safe cooking of home-grown vegetables from Garden to Connect<\/h5><p style=\"font-weight: 400;\">In many places, coal is used for cooking. It is energy inefficient, highly polluting and harmful to people and the planet. The fumes from traditional cooking are known to cause a major health problem. According to a World Bank report published in 2016, \u201cexposure to air pollution is now the fourth largest fatal health risk worldwide\u201d.<\/p><p style=\"font-weight: 400;\">That is why we practice to cook on a biomass stove. We prepare home-grown vegetables in a healthier way. Burning is climate- and environmentally friendly and healthier for the children who cook. Pellets are made from biomass waste that is left over from forestry, replanting and furniture production and thus contribute to a circular economy.<\/p><p style=\"font-weight: 400;\">For the young, the biomass stoves are easy to handle, can be moved to outdoor cooking when the weather permits, can avoid burns to the skin, as they are not hot on the surface and heat up very quickly. This minimizes time for cooking and leaves more time for studying and gardening.<\/p><\/div>\t\t\t\t\t\t<\/div>\n\t\t\t\t<\/div>\n\t\t\t\t<\/div>\n\t\t<div class=\"elementor-element elementor-element-133cf1c e-con-full e-flex e-con e-child\" data-id=\"133cf1c\" data-element_type=\"container\">\n\t\t\t\t<div class=\"elementor-element elementor-element-10a3aee elementor-widget elementor-widget-image\" data-id=\"10a3aee\" data-element_type=\"widget\" data-widget_type=\"image.default\">\n\t\t\t\t<div class=\"elementor-widget-container\">\n\t\t\t<style>\/*! elementor - v3.20.0 - 26-03-2024 *\/\n.elementor-widget-image{text-align:center}.elementor-widget-image a{display:inline-block}.elementor-widget-image a img[src$=\".svg\"]{width:48px}.elementor-widget-image img{vertical-align:middle;display:inline-block}<\/style>\t\t\t\t\t\t\t\t\t\t<img decoding=\"async\" src=\"http:\/\/mouvo.org\/wp-content\/uploads\/elementor\/thumbs\/d8027893-31f0-4091-9308-3a46fda26c2f-qkio1fhlo5l04vdlyt6mfnydf6g66zsvrdntxm6xe0.jpg\" title=\"d8027893-31f0-4091-9308-3a46fda26c2f\" alt=\"d8027893-31f0-4091-9308-3a46fda26c2f\" loading=\"lazy\" \/>\t\t\t\t\t\t\t\t\t\t\t\t\t<\/div>\n\t\t\t\t<\/div>\n\t\t\t\t<\/div>\n\t\t\t\t\t<\/div>\n\t\t\t\t<\/div>\n\t\t\t\t<\/div>","protected":false},"excerpt":{"rendered":"<p>Projekt Clean cooking Om projektet Sikker madlavning af hjemmedyrkede gr\u00f8ntsager fra Garden til Connect Mange steder bruger man kul til madlavning. Det er energi ineffektivt, meget forurenende og skadeligt for mennesker og planeten. Dampene fra traditionel madlavning er kendt for at for\u00e5rsage et stort sundhedsproblem. If\u00f8lge en rapport fra Verdensbanken offentliggjort i 2016 &#8220;er uds\u00e6ttelse [&hellip;]<\/p>","protected":false},"author":1,"featured_media":286,"parent":17,"menu_order":0,"comment_status":"closed","ping_status":"closed","template":"","meta":{"footnotes":""},"class_list":["post-277","page","type-page","status-publish","has-post-thumbnail","hentry"],"yoast_head":"<!-- This site is optimized with the Yoast SEO plugin v22.3 - https:\/\/yoast.com\/wordpress\/plugins\/seo\/ -->\n<title>Clean cooking - mouvo<\/title>\n<meta name=\"robots\" content=\"index, follow, max-snippet:-1, max-image-preview:large, max-video-preview:-1\" \/>\n<link rel=\"canonical\" href=\"http:\/\/mouvo.org\/en\/projekter\/clean-cooking\/\" \/>\n<meta property=\"og:locale\" content=\"en_US\" \/>\n<meta property=\"og:type\" content=\"article\" \/>\n<meta property=\"og:title\" content=\"Clean cooking - mouvo\" \/>\n<meta property=\"og:description\" content=\"Projekt Clean cooking Om projektet Sikker madlavning af hjemmedyrkede gr\u00f8ntsager fra Garden til Connect Mange steder bruger man kul til madlavning. Det er energi ineffektivt, meget forurenende og skadeligt for mennesker og planeten. Dampene fra traditionel madlavning er kendt for at for\u00e5rsage et stort sundhedsproblem. If\u00f8lge en rapport fra Verdensbanken offentliggjort i 2016 &#8220;er uds\u00e6ttelse [&hellip;]\" \/>\n<meta property=\"og:url\" content=\"http:\/\/mouvo.org\/en\/projekter\/clean-cooking\/\" \/>\n<meta property=\"og:site_name\" content=\"mouvo\" \/>\n<meta property=\"article:modified_time\" content=\"2024-03-22T12:13:14+00:00\" \/>\n<meta property=\"og:image\" content=\"https:\/\/mouvo.org\/wp-content\/uploads\/2024\/02\/IMG_6323-scaled.jpg\" \/>\n\t<meta property=\"og:image:width\" content=\"2560\" \/>\n\t<meta property=\"og:image:height\" content=\"1707\" \/>\n\t<meta property=\"og:image:type\" content=\"image\/jpeg\" \/>\n<meta name=\"twitter:card\" content=\"summary_large_image\" \/>\n<meta name=\"twitter:label1\" content=\"Est. reading time\" \/>\n\t<meta name=\"twitter:data1\" content=\"2 minutes\" \/>\n<script type=\"application\/ld+json\" class=\"yoast-schema-graph\">{\"@context\":\"https:\/\/schema.org\",\"@graph\":[{\"@type\":\"WebPage\",\"@id\":\"https:\/\/mouvo.org\/projekter\/clean-cooking\/\",\"url\":\"https:\/\/mouvo.org\/projekter\/clean-cooking\/\",\"name\":\"Clean cooking - mouvo\",\"isPartOf\":{\"@id\":\"https:\/\/mouvo.org\/#website\"},\"primaryImageOfPage\":{\"@id\":\"https:\/\/mouvo.org\/projekter\/clean-cooking\/#primaryimage\"},\"image\":{\"@id\":\"https:\/\/mouvo.org\/projekter\/clean-cooking\/#primaryimage\"},\"thumbnailUrl\":\"http:\/\/mouvo.org\/wp-content\/uploads\/2024\/02\/IMG_6323-scaled.jpg\",\"datePublished\":\"2024-02-05T12:54:07+00:00\",\"dateModified\":\"2024-03-22T12:13:14+00:00\",\"breadcrumb\":{\"@id\":\"https:\/\/mouvo.org\/projekter\/clean-cooking\/#breadcrumb\"},\"inLanguage\":\"en-US\",\"potentialAction\":[{\"@type\":\"ReadAction\",\"target\":[\"https:\/\/mouvo.org\/projekter\/clean-cooking\/\"]}]},{\"@type\":\"ImageObject\",\"inLanguage\":\"en-US\",\"@id\":\"https:\/\/mouvo.org\/projekter\/clean-cooking\/#primaryimage\",\"url\":\"http:\/\/mouvo.org\/wp-content\/uploads\/2024\/02\/IMG_6323-scaled.jpg\",\"contentUrl\":\"http:\/\/mouvo.org\/wp-content\/uploads\/2024\/02\/IMG_6323-scaled.jpg\",\"width\":2560,\"height\":1707},{\"@type\":\"BreadcrumbList\",\"@id\":\"https:\/\/mouvo.org\/projekter\/clean-cooking\/#breadcrumb\",\"itemListElement\":[{\"@type\":\"ListItem\",\"position\":1,\"name\":\"Hjem\",\"item\":\"https:\/\/mouvo.org\/\"},{\"@type\":\"ListItem\",\"position\":2,\"name\":\"Projekter\",\"item\":\"https:\/\/mouvo.org\/projekter\/\"},{\"@type\":\"ListItem\",\"position\":3,\"name\":\"Clean cooking\"}]},{\"@type\":\"WebSite\",\"@id\":\"https:\/\/mouvo.org\/#website\",\"url\":\"https:\/\/mouvo.org\/\",\"name\":\"mouvo\",\"description\":\"\",\"potentialAction\":[{\"@type\":\"SearchAction\",\"target\":{\"@type\":\"EntryPoint\",\"urlTemplate\":\"https:\/\/mouvo.org\/?s={search_term_string}\"},\"query-input\":\"required name=search_term_string\"}],\"inLanguage\":\"en-US\"}]}<\/script>\n<!-- \/ Yoast SEO plugin. -->","yoast_head_json":{"title":"Clean cooking - mouvo","robots":{"index":"index","follow":"follow","max-snippet":"max-snippet:-1","max-image-preview":"max-image-preview:large","max-video-preview":"max-video-preview:-1"},"canonical":"http:\/\/mouvo.org\/en\/projekter\/clean-cooking\/","og_locale":"en_US","og_type":"article","og_title":"Clean cooking - mouvo","og_description":"Projekt Clean cooking Om projektet Sikker madlavning af hjemmedyrkede gr\u00f8ntsager fra Garden til Connect Mange steder bruger man kul til madlavning. Det er energi ineffektivt, meget forurenende og skadeligt for mennesker og planeten. Dampene fra traditionel madlavning er kendt for at for\u00e5rsage et stort sundhedsproblem. If\u00f8lge en rapport fra Verdensbanken offentliggjort i 2016 &#8220;er uds\u00e6ttelse [&hellip;]","og_url":"http:\/\/mouvo.org\/en\/projekter\/clean-cooking\/","og_site_name":"mouvo","article_modified_time":"2024-03-22T12:13:14+00:00","og_image":[{"width":2560,"height":1707,"url":"https:\/\/mouvo.org\/wp-content\/uploads\/2024\/02\/IMG_6323-scaled.jpg","type":"image\/jpeg"}],"twitter_card":"summary_large_image","twitter_misc":{"Est. reading time":"2 minutes"},"schema":{"@context":"https:\/\/schema.org","@graph":[{"@type":"WebPage","@id":"https:\/\/mouvo.org\/projekter\/clean-cooking\/","url":"https:\/\/mouvo.org\/projekter\/clean-cooking\/","name":"Clean cooking - mouvo","isPartOf":{"@id":"https:\/\/mouvo.org\/#website"},"primaryImageOfPage":{"@id":"https:\/\/mouvo.org\/projekter\/clean-cooking\/#primaryimage"},"image":{"@id":"https:\/\/mouvo.org\/projekter\/clean-cooking\/#primaryimage"},"thumbnailUrl":"http:\/\/mouvo.org\/wp-content\/uploads\/2024\/02\/IMG_6323-scaled.jpg","datePublished":"2024-02-05T12:54:07+00:00","dateModified":"2024-03-22T12:13:14+00:00","breadcrumb":{"@id":"https:\/\/mouvo.org\/projekter\/clean-cooking\/#breadcrumb"},"inLanguage":"en-US","potentialAction":[{"@type":"ReadAction","target":["https:\/\/mouvo.org\/projekter\/clean-cooking\/"]}]},{"@type":"ImageObject","inLanguage":"en-US","@id":"https:\/\/mouvo.org\/projekter\/clean-cooking\/#primaryimage","url":"http:\/\/mouvo.org\/wp-content\/uploads\/2024\/02\/IMG_6323-scaled.jpg","contentUrl":"http:\/\/mouvo.org\/wp-content\/uploads\/2024\/02\/IMG_6323-scaled.jpg","width":2560,"height":1707},{"@type":"BreadcrumbList","@id":"https:\/\/mouvo.org\/projekter\/clean-cooking\/#breadcrumb","itemListElement":[{"@type":"ListItem","position":1,"name":"Hjem","item":"https:\/\/mouvo.org\/"},{"@type":"ListItem","position":2,"name":"Projekter","item":"https:\/\/mouvo.org\/projekter\/"},{"@type":"ListItem","position":3,"name":"Clean cooking"}]},{"@type":"WebSite","@id":"https:\/\/mouvo.org\/#website","url":"https:\/\/mouvo.org\/","name":"mouvo","description":"","potentialAction":[{"@type":"SearchAction","target":{"@type":"EntryPoint","urlTemplate":"https:\/\/mouvo.org\/?s={search_term_string}"},"query-input":"required name=search_term_string"}],"inLanguage":"en-US"}]}},"_links":{"self":[{"href":"http:\/\/mouvo.org\/en\/wp-json\/wp\/v2\/pages\/277","targetHints":{"allow":["GET"]}}],"collection":[{"href":"http:\/\/mouvo.org\/en\/wp-json\/wp\/v2\/pages"}],"about":[{"href":"http:\/\/mouvo.org\/en\/wp-json\/wp\/v2\/types\/page"}],"author":[{"embeddable":true,"href":"http:\/\/mouvo.org\/en\/wp-json\/wp\/v2\/users\/1"}],"replies":[{"embeddable":true,"href":"http:\/\/mouvo.org\/en\/wp-json\/wp\/v2\/comments?post=277"}],"version-history":[{"count":37,"href":"http:\/\/mouvo.org\/en\/wp-json\/wp\/v2\/pages\/277\/revisions"}],"predecessor-version":[{"id":1800,"href":"http:\/\/mouvo.org\/en\/wp-json\/wp\/v2\/pages\/277\/revisions\/1800"}],"up":[{"embeddable":true,"href":"http:\/\/mouvo.org\/en\/wp-json\/wp\/v2\/pages\/17"}],"wp:featuredmedia":[{"embeddable":true,"href":"http:\/\/mouvo.org\/en\/wp-json\/wp\/v2\/media\/286"}],"wp:attachment":[{"href":"http:\/\/mouvo.org\/en\/wp-json\/wp\/v2\/media?parent=277"}],"curies":[{"name":"wp","href":"https:\/\/api.w.org\/{rel}","templated":true}]}}