{"id":280,"date":"2024-02-05T12:54:53","date_gmt":"2024-02-05T12:54:53","guid":{"rendered":"http:\/\/mouvo.org\/?page_id=280"},"modified":"2024-03-22T18:49:22","modified_gmt":"2024-03-22T18:49:22","slug":"dance-for-health","status":"publish","type":"page","link":"http:\/\/mouvo.org\/en\/projekter\/dance-for-health\/","title":{"rendered":"Dance for health\u00a0"},"content":{"rendered":"<div data-elementor-type=\"wp-page\" data-elementor-id=\"280\" class=\"elementor elementor-280\" data-elementor-post-type=\"page\">\n\t\t\t\t<div class=\"elementor-element elementor-element-3cf035f e-con-full e-flex e-con e-parent\" data-id=\"3cf035f\" data-element_type=\"container\" data-settings=\"{&quot;background_background&quot;:&quot;classic&quot;}\" data-core-v316-plus=\"true\">\n\t\t\t\t<div class=\"elementor-element elementor-element-61b49e8 elementor-widget__width-initial elementor-widget-tablet__width-inherit elementor-widget elementor-widget-heading\" data-id=\"61b49e8\" data-element_type=\"widget\" data-widget_type=\"heading.default\">\n\t\t\t\t<div class=\"elementor-widget-container\">\n\t\t\t<style>\/*! elementor - v3.20.0 - 26-03-2024 *\/\n.elementor-heading-title{padding:0;margin:0;line-height:1}.elementor-widget-heading .elementor-heading-title[class*=elementor-size-]>a{color:inherit;font-size:inherit;line-height:inherit}.elementor-widget-heading .elementor-heading-title.elementor-size-small{font-size:15px}.elementor-widget-heading .elementor-heading-title.elementor-size-medium{font-size:19px}.elementor-widget-heading .elementor-heading-title.elementor-size-large{font-size:29px}.elementor-widget-heading .elementor-heading-title.elementor-size-xl{font-size:39px}.elementor-widget-heading .elementor-heading-title.elementor-size-xxl{font-size:59px}<\/style><h2 class=\"elementor-heading-title elementor-size-default\">Project<\/h2>\t\t<\/div>\n\t\t\t\t<\/div>\n\t\t\t\t<div class=\"elementor-element elementor-element-90fa3df elementor-widget__width-initial elementor-widget-tablet__width-inherit elementor-widget elementor-widget-heading\" data-id=\"90fa3df\" data-element_type=\"widget\" data-widget_type=\"heading.default\">\n\t\t\t\t<div class=\"elementor-widget-container\">\n\t\t\t<h2 class=\"elementor-heading-title elementor-size-default\">Dance for health <\/h2>\t\t<\/div>\n\t\t\t\t<\/div>\n\t\t\t\t<\/div>\n\t\t<div class=\"elementor-element elementor-element-26dfda5 e-flex e-con-boxed e-con e-parent\" data-id=\"26dfda5\" data-element_type=\"container\" data-settings=\"{&quot;background_background&quot;:&quot;classic&quot;}\" data-core-v316-plus=\"true\">\n\t\t\t\t\t<div class=\"e-con-inner\">\n\t\t<div class=\"elementor-element elementor-element-91f1cb4 e-con-full e-flex e-con e-child\" data-id=\"91f1cb4\" data-element_type=\"container\">\n\t\t\t\t<div class=\"elementor-element elementor-element-34b9a49 elementor-invisible elementor-widget elementor-widget-heading\" data-id=\"34b9a49\" data-element_type=\"widget\" data-settings=\"{&quot;_animation&quot;:&quot;fadeIn&quot;}\" data-widget_type=\"heading.default\">\n\t\t\t\t<div class=\"elementor-widget-container\">\n\t\t\t<h2 class=\"elementor-heading-title elementor-size-default\">About the Project<\/h2>\t\t<\/div>\n\t\t\t\t<\/div>\n\t\t\t\t<div class=\"elementor-element elementor-element-51deb28 elementor-widget elementor-widget-text-editor\" data-id=\"51deb28\" data-element_type=\"widget\" data-widget_type=\"text-editor.default\">\n\t\t\t\t<div class=\"elementor-widget-container\">\n\t\t\t<style>\/*! elementor - v3.20.0 - 26-03-2024 *\/\n.elementor-widget-text-editor.elementor-drop-cap-view-stacked .elementor-drop-cap{background-color:#69727d;color:#fff}.elementor-widget-text-editor.elementor-drop-cap-view-framed .elementor-drop-cap{color:#69727d;border:3px solid;background-color:transparent}.elementor-widget-text-editor:not(.elementor-drop-cap-view-default) .elementor-drop-cap{margin-top:8px}.elementor-widget-text-editor:not(.elementor-drop-cap-view-default) .elementor-drop-cap-letter{width:1em;height:1em}.elementor-widget-text-editor .elementor-drop-cap{float:left;text-align:center;line-height:1;font-size:50px}.elementor-widget-text-editor .elementor-drop-cap-letter{display:inline-block}<\/style>\t\t\t\t<p style=\"font-weight: 400;\">Theater reflects and influences society. We can tell stories, examine our values and behaviour, express ourselves and create meaning.<\/p><p style=\"font-weight: 400;\">I initiativet <em>Dance for health<\/em> skabte vi en danseforestilling for at \u00f8ge bevidstheden om, hvordan vi f\u00e5r mennesker og planter til at gro.<\/p><p style=\"font-weight: 400;\">Three professional dancers (Ahmes Lubenga, Jonathan Kabango and Alex Ssebaggala from Congo and Uganda, created a dance performance in collaboration with children.<\/p><p style=\"font-weight: 400;\">Recycled pipes used as scenography were explored as a base for the creation of how to recycle construction waste in artistic ways and how to communicate a message about how we can make people and plants grow.<\/p><p style=\"font-weight: 400;\">We challenged ourselves and created a story with mind and body. We focused on both inner and outer sustainability.<\/p>\t\t\t\t\t\t<\/div>\n\t\t\t\t<\/div>\n\t\t\t\t<\/div>\n\t\t<div class=\"elementor-element elementor-element-f1eeffe e-con-full e-flex e-con e-child\" data-id=\"f1eeffe\" data-element_type=\"container\">\n\t\t\t\t<div class=\"elementor-element elementor-element-3cb4e3b elementor-widget elementor-widget-image\" data-id=\"3cb4e3b\" data-element_type=\"widget\" data-widget_type=\"image.default\">\n\t\t\t\t<div class=\"elementor-widget-container\">\n\t\t\t<style>\/*! elementor - v3.20.0 - 26-03-2024 *\/\n.elementor-widget-image{text-align:center}.elementor-widget-image a{display:inline-block}.elementor-widget-image a img[src$=\".svg\"]{width:48px}.elementor-widget-image img{vertical-align:middle;display:inline-block}<\/style>\t\t\t\t\t\t\t\t\t\t<img decoding=\"async\" src=\"http:\/\/mouvo.org\/wp-content\/uploads\/elementor\/thumbs\/IMG_2362-scaled-qjd0615wqlycrepf603p87rxhyw4zntcqz148ppgg8.jpg\" title=\"IMG_2362\" alt=\"IMG_2362\" loading=\"lazy\" \/>\t\t\t\t\t\t\t\t\t\t\t\t\t<\/div>\n\t\t\t\t<\/div>\n\t\t\t\t<\/div>\n\t\t\t\t\t<\/div>\n\t\t\t\t<\/div>\n\t\t<div class=\"elementor-element elementor-element-f1a7ed0 e-flex e-con-boxed e-con e-parent\" data-id=\"f1a7ed0\" data-element_type=\"container\" data-settings=\"{&quot;background_background&quot;:&quot;classic&quot;}\" data-core-v316-plus=\"true\">\n\t\t\t\t\t<div class=\"e-con-inner\">\n\t\t\t\t<div class=\"elementor-element elementor-element-d5281b2 elementor-widget elementor-widget-video\" data-id=\"d5281b2\" data-element_type=\"widget\" data-settings=\"{&quot;video_type&quot;:&quot;hosted&quot;,&quot;controls&quot;:&quot;yes&quot;}\" data-widget_type=\"video.default\">\n\t\t\t\t<div class=\"elementor-widget-container\">\n\t\t\t<style>\/*! elementor - v3.20.0 - 26-03-2024 *\/\n.elementor-widget-video .elementor-widget-container{overflow:hidden;transform:translateZ(0)}.elementor-widget-video .elementor-wrapper{aspect-ratio:var(--video-aspect-ratio)}.elementor-widget-video .elementor-wrapper iframe,.elementor-widget-video .elementor-wrapper video{height:100%;width:100%;display:flex;border:none;background-color:#000}@supports not (aspect-ratio:1\/1){.elementor-widget-video .elementor-wrapper{position:relative;overflow:hidden;height:0;padding-bottom:calc(100% \/ var(--video-aspect-ratio))}.elementor-widget-video .elementor-wrapper iframe,.elementor-widget-video .elementor-wrapper video{position:absolute;top:0;right:0;bottom:0;left:0}}.elementor-widget-video .elementor-open-inline .elementor-custom-embed-image-overlay{position:absolute;top:0;right:0;bottom:0;left:0;background-size:cover;background-position:50%}.elementor-widget-video .elementor-custom-embed-image-overlay{cursor:pointer;text-align:center}.elementor-widget-video .elementor-custom-embed-image-overlay:hover .elementor-custom-embed-play i{opacity:1}.elementor-widget-video .elementor-custom-embed-image-overlay img{display:block;width:100%;aspect-ratio:var(--video-aspect-ratio);-o-object-fit:cover;object-fit:cover;-o-object-position:center center;object-position:center center}@supports not (aspect-ratio:1\/1){.elementor-widget-video .elementor-custom-embed-image-overlay{position:relative;overflow:hidden;height:0;padding-bottom:calc(100% \/ var(--video-aspect-ratio))}.elementor-widget-video .elementor-custom-embed-image-overlay img{position:absolute;top:0;right:0;bottom:0;left:0}}.elementor-widget-video .e-hosted-video .elementor-video{-o-object-fit:cover;object-fit:cover}.e-con-inner>.elementor-widget-video,.e-con>.elementor-widget-video{width:var(--container-widget-width);--flex-grow:var(--container-widget-flex-grow)}<\/style>\t\t<div class=\"e-hosted-video elementor-wrapper elementor-open-inline\">\n\t\t\t\t\t<video class=\"elementor-video\" src=\"http:\/\/mouvo.org\/wp-content\/uploads\/2024\/03\/IMG_8541.mov\" controls=\"\" preload=\"metadata\" controlslist=\"nodownload\" poster=\"http:\/\/mouvo.org\/wp-content\/uploads\/2024\/03\/Skaermbillede-2024-03-22-kl.-19.48.54.png\"><\/video>\n\t\t\t\t<\/div>\n\t\t\t\t<\/div>\n\t\t\t\t<\/div>\n\t\t\t\t\t<\/div>\n\t\t\t\t<\/div>\n\t\t\t\t<\/div>","protected":false},"excerpt":{"rendered":"<p>Projekt Dance for health Om projektet Teater afspejler og p\u00e5virker samfundet. Vi kan fort\u00e6lle historier, unders\u00f8ge vores v\u00e6rdier og adf\u00e6rd, udtrykke os og skabe mening. I initiativet Dance for health skabte vi en danseforestilling for at \u00f8ge bevidstheden om, hvordan vi f\u00e5r mennesker og planter til at gro. Tre professionelle dansere (Ahmes Lubenga, Jonathan Kabango [&hellip;]<\/p>","protected":false},"author":1,"featured_media":162,"parent":17,"menu_order":0,"comment_status":"closed","ping_status":"closed","template":"","meta":{"footnotes":""},"class_list":["post-280","page","type-page","status-publish","has-post-thumbnail","hentry"],"yoast_head":"<!-- This site is optimized with the Yoast SEO plugin v22.3 - https:\/\/yoast.com\/wordpress\/plugins\/seo\/ -->\n<title>Dance for health\u00a0 - mouvo<\/title>\n<meta name=\"robots\" content=\"index, follow, max-snippet:-1, max-image-preview:large, max-video-preview:-1\" \/>\n<link rel=\"canonical\" href=\"http:\/\/mouvo.org\/en\/projekter\/dance-for-health\/\" \/>\n<meta property=\"og:locale\" content=\"en_US\" \/>\n<meta property=\"og:type\" content=\"article\" \/>\n<meta property=\"og:title\" content=\"Dance for health\u00a0 - mouvo\" \/>\n<meta property=\"og:description\" content=\"Projekt Dance for health Om projektet Teater afspejler og p\u00e5virker samfundet. Vi kan fort\u00e6lle historier, unders\u00f8ge vores v\u00e6rdier og adf\u00e6rd, udtrykke os og skabe mening. I initiativet Dance for health skabte vi en danseforestilling for at \u00f8ge bevidstheden om, hvordan vi f\u00e5r mennesker og planter til at gro. Tre professionelle dansere (Ahmes Lubenga, Jonathan Kabango [&hellip;]\" \/>\n<meta property=\"og:url\" content=\"http:\/\/mouvo.org\/en\/projekter\/dance-for-health\/\" \/>\n<meta property=\"og:site_name\" content=\"mouvo\" \/>\n<meta property=\"article:modified_time\" content=\"2024-03-22T18:49:22+00:00\" \/>\n<meta property=\"og:image\" content=\"https:\/\/mouvo.org\/wp-content\/uploads\/2024\/02\/IMG_2935-002-scaled.jpg\" \/>\n\t<meta property=\"og:image:width\" content=\"2560\" \/>\n\t<meta property=\"og:image:height\" content=\"1920\" \/>\n\t<meta property=\"og:image:type\" content=\"image\/jpeg\" \/>\n<meta name=\"twitter:card\" content=\"summary_large_image\" \/>\n<meta name=\"twitter:label1\" content=\"Est. reading time\" \/>\n\t<meta name=\"twitter:data1\" content=\"1 minute\" \/>\n<script type=\"application\/ld+json\" class=\"yoast-schema-graph\">{\"@context\":\"https:\/\/schema.org\",\"@graph\":[{\"@type\":\"WebPage\",\"@id\":\"https:\/\/mouvo.org\/projekter\/dance-for-health\/\",\"url\":\"https:\/\/mouvo.org\/projekter\/dance-for-health\/\",\"name\":\"Dance for health\u00a0 - mouvo\",\"isPartOf\":{\"@id\":\"https:\/\/mouvo.org\/#website\"},\"primaryImageOfPage\":{\"@id\":\"https:\/\/mouvo.org\/projekter\/dance-for-health\/#primaryimage\"},\"image\":{\"@id\":\"https:\/\/mouvo.org\/projekter\/dance-for-health\/#primaryimage\"},\"thumbnailUrl\":\"http:\/\/mouvo.org\/wp-content\/uploads\/2024\/02\/IMG_2935-002-scaled.jpg\",\"datePublished\":\"2024-02-05T12:54:53+00:00\",\"dateModified\":\"2024-03-22T18:49:22+00:00\",\"breadcrumb\":{\"@id\":\"https:\/\/mouvo.org\/projekter\/dance-for-health\/#breadcrumb\"},\"inLanguage\":\"en-US\",\"potentialAction\":[{\"@type\":\"ReadAction\",\"target\":[\"https:\/\/mouvo.org\/projekter\/dance-for-health\/\"]}]},{\"@type\":\"ImageObject\",\"inLanguage\":\"en-US\",\"@id\":\"https:\/\/mouvo.org\/projekter\/dance-for-health\/#primaryimage\",\"url\":\"http:\/\/mouvo.org\/wp-content\/uploads\/2024\/02\/IMG_2935-002-scaled.jpg\",\"contentUrl\":\"http:\/\/mouvo.org\/wp-content\/uploads\/2024\/02\/IMG_2935-002-scaled.jpg\",\"width\":2560,\"height\":1920},{\"@type\":\"BreadcrumbList\",\"@id\":\"https:\/\/mouvo.org\/projekter\/dance-for-health\/#breadcrumb\",\"itemListElement\":[{\"@type\":\"ListItem\",\"position\":1,\"name\":\"Hjem\",\"item\":\"https:\/\/mouvo.org\/\"},{\"@type\":\"ListItem\",\"position\":2,\"name\":\"Projekter\",\"item\":\"https:\/\/mouvo.org\/projekter\/\"},{\"@type\":\"ListItem\",\"position\":3,\"name\":\"Dance for health\u00a0\"}]},{\"@type\":\"WebSite\",\"@id\":\"https:\/\/mouvo.org\/#website\",\"url\":\"https:\/\/mouvo.org\/\",\"name\":\"mouvo\",\"description\":\"\",\"potentialAction\":[{\"@type\":\"SearchAction\",\"target\":{\"@type\":\"EntryPoint\",\"urlTemplate\":\"https:\/\/mouvo.org\/?s={search_term_string}\"},\"query-input\":\"required name=search_term_string\"}],\"inLanguage\":\"en-US\"}]}<\/script>\n<!-- \/ Yoast SEO plugin. -->","yoast_head_json":{"title":"Dance for health\u00a0 - mouvo","robots":{"index":"index","follow":"follow","max-snippet":"max-snippet:-1","max-image-preview":"max-image-preview:large","max-video-preview":"max-video-preview:-1"},"canonical":"http:\/\/mouvo.org\/en\/projekter\/dance-for-health\/","og_locale":"en_US","og_type":"article","og_title":"Dance for health\u00a0 - mouvo","og_description":"Projekt Dance for health Om projektet Teater afspejler og p\u00e5virker samfundet. Vi kan fort\u00e6lle historier, unders\u00f8ge vores v\u00e6rdier og adf\u00e6rd, udtrykke os og skabe mening. I initiativet Dance for health skabte vi en danseforestilling for at \u00f8ge bevidstheden om, hvordan vi f\u00e5r mennesker og planter til at gro. Tre professionelle dansere (Ahmes Lubenga, Jonathan Kabango [&hellip;]","og_url":"http:\/\/mouvo.org\/en\/projekter\/dance-for-health\/","og_site_name":"mouvo","article_modified_time":"2024-03-22T18:49:22+00:00","og_image":[{"width":2560,"height":1920,"url":"https:\/\/mouvo.org\/wp-content\/uploads\/2024\/02\/IMG_2935-002-scaled.jpg","type":"image\/jpeg"}],"twitter_card":"summary_large_image","twitter_misc":{"Est. reading time":"1 minute"},"schema":{"@context":"https:\/\/schema.org","@graph":[{"@type":"WebPage","@id":"https:\/\/mouvo.org\/projekter\/dance-for-health\/","url":"https:\/\/mouvo.org\/projekter\/dance-for-health\/","name":"Dance for health\u00a0 - mouvo","isPartOf":{"@id":"https:\/\/mouvo.org\/#website"},"primaryImageOfPage":{"@id":"https:\/\/mouvo.org\/projekter\/dance-for-health\/#primaryimage"},"image":{"@id":"https:\/\/mouvo.org\/projekter\/dance-for-health\/#primaryimage"},"thumbnailUrl":"http:\/\/mouvo.org\/wp-content\/uploads\/2024\/02\/IMG_2935-002-scaled.jpg","datePublished":"2024-02-05T12:54:53+00:00","dateModified":"2024-03-22T18:49:22+00:00","breadcrumb":{"@id":"https:\/\/mouvo.org\/projekter\/dance-for-health\/#breadcrumb"},"inLanguage":"en-US","potentialAction":[{"@type":"ReadAction","target":["https:\/\/mouvo.org\/projekter\/dance-for-health\/"]}]},{"@type":"ImageObject","inLanguage":"en-US","@id":"https:\/\/mouvo.org\/projekter\/dance-for-health\/#primaryimage","url":"http:\/\/mouvo.org\/wp-content\/uploads\/2024\/02\/IMG_2935-002-scaled.jpg","contentUrl":"http:\/\/mouvo.org\/wp-content\/uploads\/2024\/02\/IMG_2935-002-scaled.jpg","width":2560,"height":1920},{"@type":"BreadcrumbList","@id":"https:\/\/mouvo.org\/projekter\/dance-for-health\/#breadcrumb","itemListElement":[{"@type":"ListItem","position":1,"name":"Hjem","item":"https:\/\/mouvo.org\/"},{"@type":"ListItem","position":2,"name":"Projekter","item":"https:\/\/mouvo.org\/projekter\/"},{"@type":"ListItem","position":3,"name":"Dance for health\u00a0"}]},{"@type":"WebSite","@id":"https:\/\/mouvo.org\/#website","url":"https:\/\/mouvo.org\/","name":"mouvo","description":"","potentialAction":[{"@type":"SearchAction","target":{"@type":"EntryPoint","urlTemplate":"https:\/\/mouvo.org\/?s={search_term_string}"},"query-input":"required name=search_term_string"}],"inLanguage":"en-US"}]}},"_links":{"self":[{"href":"http:\/\/mouvo.org\/en\/wp-json\/wp\/v2\/pages\/280","targetHints":{"allow":["GET"]}}],"collection":[{"href":"http:\/\/mouvo.org\/en\/wp-json\/wp\/v2\/pages"}],"about":[{"href":"http:\/\/mouvo.org\/en\/wp-json\/wp\/v2\/types\/page"}],"author":[{"embeddable":true,"href":"http:\/\/mouvo.org\/en\/wp-json\/wp\/v2\/users\/1"}],"replies":[{"embeddable":true,"href":"http:\/\/mouvo.org\/en\/wp-json\/wp\/v2\/comments?post=280"}],"version-history":[{"count":43,"href":"http:\/\/mouvo.org\/en\/wp-json\/wp\/v2\/pages\/280\/revisions"}],"predecessor-version":[{"id":1881,"href":"http:\/\/mouvo.org\/en\/wp-json\/wp\/v2\/pages\/280\/revisions\/1881"}],"up":[{"embeddable":true,"href":"http:\/\/mouvo.org\/en\/wp-json\/wp\/v2\/pages\/17"}],"wp:featuredmedia":[{"embeddable":true,"href":"http:\/\/mouvo.org\/en\/wp-json\/wp\/v2\/media\/162"}],"wp:attachment":[{"href":"http:\/\/mouvo.org\/en\/wp-json\/wp\/v2\/media?parent=280"}],"curies":[{"name":"wp","href":"https:\/\/api.w.org\/{rel}","templated":true}]}}