{"id":42,"date":"2024-01-22T14:12:17","date_gmt":"2024-01-22T14:12:17","guid":{"rendered":"http:\/\/mouvo.org\/?page_id=42"},"modified":"2024-03-22T18:50:41","modified_gmt":"2024-03-22T18:50:41","slug":"kubasha-crew","status":"publish","type":"page","link":"http:\/\/mouvo.org\/en\/projekter\/kubasha-crew\/","title":{"rendered":"Kubasha Crew"},"content":{"rendered":"<div data-elementor-type=\"wp-page\" data-elementor-id=\"42\" class=\"elementor elementor-42\" data-elementor-post-type=\"page\">\n\t\t\t\t<div class=\"elementor-element elementor-element-b95de05 e-con-full e-flex e-con e-parent\" data-id=\"b95de05\" data-element_type=\"container\" data-settings=\"{&quot;background_background&quot;:&quot;classic&quot;}\" data-core-v316-plus=\"true\">\n\t\t\t\t<div class=\"elementor-element elementor-element-aa28ccd elementor-widget__width-initial elementor-widget-tablet__width-inherit elementor-widget elementor-widget-heading\" data-id=\"aa28ccd\" data-element_type=\"widget\" data-widget_type=\"heading.default\">\n\t\t\t\t<div class=\"elementor-widget-container\">\n\t\t\t<style>\/*! elementor - v3.20.0 - 26-03-2024 *\/\n.elementor-heading-title{padding:0;margin:0;line-height:1}.elementor-widget-heading .elementor-heading-title[class*=elementor-size-]>a{color:inherit;font-size:inherit;line-height:inherit}.elementor-widget-heading .elementor-heading-title.elementor-size-small{font-size:15px}.elementor-widget-heading .elementor-heading-title.elementor-size-medium{font-size:19px}.elementor-widget-heading .elementor-heading-title.elementor-size-large{font-size:29px}.elementor-widget-heading .elementor-heading-title.elementor-size-xl{font-size:39px}.elementor-widget-heading .elementor-heading-title.elementor-size-xxl{font-size:59px}<\/style><h2 class=\"elementor-heading-title elementor-size-default\">Project<\/h2>\t\t<\/div>\n\t\t\t\t<\/div>\n\t\t\t\t<div class=\"elementor-element elementor-element-776e933 elementor-widget__width-initial elementor-widget-tablet__width-inherit elementor-widget elementor-widget-heading\" data-id=\"776e933\" data-element_type=\"widget\" data-widget_type=\"heading.default\">\n\t\t\t\t<div class=\"elementor-widget-container\">\n\t\t\t<h2 class=\"elementor-heading-title elementor-size-default\">Kubasha Crew<\/h2>\t\t<\/div>\n\t\t\t\t<\/div>\n\t\t\t\t<\/div>\n\t\t<div class=\"elementor-element elementor-element-390eec5 e-flex e-con-boxed e-con e-parent\" data-id=\"390eec5\" data-element_type=\"container\" data-settings=\"{&quot;background_background&quot;:&quot;classic&quot;}\" data-core-v316-plus=\"true\">\n\t\t\t\t\t<div class=\"e-con-inner\">\n\t\t<div class=\"elementor-element elementor-element-0ba598b e-con-full e-flex e-con e-child\" data-id=\"0ba598b\" data-element_type=\"container\">\n\t\t\t\t<div class=\"elementor-element elementor-element-9d155e0 elementor-invisible elementor-widget elementor-widget-heading\" data-id=\"9d155e0\" data-element_type=\"widget\" data-settings=\"{&quot;_animation&quot;:&quot;fadeIn&quot;}\" data-widget_type=\"heading.default\">\n\t\t\t\t<div class=\"elementor-widget-container\">\n\t\t\t<h2 class=\"elementor-heading-title elementor-size-default\">About the Project<\/h2>\t\t<\/div>\n\t\t\t\t<\/div>\n\t\t\t\t<div class=\"elementor-element elementor-element-28c61f3 elementor-widget elementor-widget-text-editor\" data-id=\"28c61f3\" data-element_type=\"widget\" data-widget_type=\"text-editor.default\">\n\t\t\t\t<div class=\"elementor-widget-container\">\n\t\t\t<style>\/*! elementor - v3.20.0 - 26-03-2024 *\/\n.elementor-widget-text-editor.elementor-drop-cap-view-stacked .elementor-drop-cap{background-color:#69727d;color:#fff}.elementor-widget-text-editor.elementor-drop-cap-view-framed .elementor-drop-cap{color:#69727d;border:3px solid;background-color:transparent}.elementor-widget-text-editor:not(.elementor-drop-cap-view-default) .elementor-drop-cap{margin-top:8px}.elementor-widget-text-editor:not(.elementor-drop-cap-view-default) .elementor-drop-cap-letter{width:1em;height:1em}.elementor-widget-text-editor .elementor-drop-cap{float:left;text-align:center;line-height:1;font-size:50px}.elementor-widget-text-editor .elementor-drop-cap-letter{display:inline-block}<\/style>\t\t\t\t<div><p class=\"m6379683659809544382m-2163979663977640145msolistparagraph\"><span lang=\"EN-US\">Kubasha means in Kinyarwanda 'to be able\/to have power). <\/span>Together with professional dancers from Rwanda, we stand behind the Kubasha Crew initiative. We invite young people with physical disabilities into a social community with dance as the focus. Through dance, they get the opportunity to express themselves creatively, achieve greater physical and mental strength and work on their self-esteem in a community with other dancers.<\/p><\/div>\t\t\t\t\t\t<\/div>\n\t\t\t\t<\/div>\n\t\t\t\t<div class=\"elementor-element elementor-element-860f7cb elementor-align-left elementor-mobile-align-center elementor-widget elementor-widget-button\" data-id=\"860f7cb\" data-element_type=\"widget\" data-widget_type=\"button.default\">\n\t\t\t\t<div class=\"elementor-widget-container\">\n\t\t\t\t\t<div class=\"elementor-button-wrapper\">\n\t\t\t<a class=\"elementor-button elementor-button-link elementor-size-sm\" href=\"https:\/\/www.instagram.com\/kubashacrew_official\/\" target=\"_blank\">\n\t\t\t\t\t\t<span class=\"elementor-button-content-wrapper\">\n\t\t\t\t\t\t<span class=\"elementor-button-text\">READ MORE ABOUT THE PROJECT<\/span>\n\t\t<\/span>\n\t\t\t\t\t<\/a>\n\t\t<\/div>\n\t\t\t\t<\/div>\n\t\t\t\t<\/div>\n\t\t\t\t<\/div>\n\t\t<div class=\"elementor-element elementor-element-fcc32f0 e-con-full e-flex e-con e-child\" data-id=\"fcc32f0\" data-element_type=\"container\">\n\t\t\t\t<div class=\"elementor-element elementor-element-af13c82 elementor-widget elementor-widget-image\" data-id=\"af13c82\" data-element_type=\"widget\" data-widget_type=\"image.default\">\n\t\t\t\t<div class=\"elementor-widget-container\">\n\t\t\t<style>\/*! elementor - v3.20.0 - 26-03-2024 *\/\n.elementor-widget-image{text-align:center}.elementor-widget-image a{display:inline-block}.elementor-widget-image a img[src$=\".svg\"]{width:48px}.elementor-widget-image img{vertical-align:middle;display:inline-block}<\/style>\t\t\t\t\t\t\t\t\t\t<img decoding=\"async\" src=\"http:\/\/mouvo.org\/wp-content\/uploads\/elementor\/thumbs\/IMG_9285-scaled-qk1k0os3pdan56bzkaie9e04cyscb6o9qp4zdhv9u0.jpg\" title=\"IMG_9285\" alt=\"IMG_9285\" loading=\"lazy\" \/>\t\t\t\t\t\t\t\t\t\t\t\t\t<\/div>\n\t\t\t\t<\/div>\n\t\t\t\t<\/div>\n\t\t\t\t\t<\/div>\n\t\t\t\t<\/div>\n\t\t<div class=\"elementor-element elementor-element-07067d2 e-flex e-con-boxed e-con e-parent\" data-id=\"07067d2\" data-element_type=\"container\" data-settings=\"{&quot;background_background&quot;:&quot;classic&quot;}\" data-core-v316-plus=\"true\">\n\t\t\t\t\t<div class=\"e-con-inner\">\n\t\t<div class=\"elementor-element elementor-element-fed52de e-con-full e-flex e-con e-child\" data-id=\"fed52de\" data-element_type=\"container\">\n\t\t\t\t<div class=\"elementor-element elementor-element-454b4b1 elementor-widget elementor-widget-video\" data-id=\"454b4b1\" data-element_type=\"widget\" data-settings=\"{&quot;video_type&quot;:&quot;hosted&quot;,&quot;controls&quot;:&quot;yes&quot;}\" data-widget_type=\"video.default\">\n\t\t\t\t<div class=\"elementor-widget-container\">\n\t\t\t<style>\/*! elementor - v3.20.0 - 26-03-2024 *\/\n.elementor-widget-video .elementor-widget-container{overflow:hidden;transform:translateZ(0)}.elementor-widget-video .elementor-wrapper{aspect-ratio:var(--video-aspect-ratio)}.elementor-widget-video .elementor-wrapper iframe,.elementor-widget-video .elementor-wrapper video{height:100%;width:100%;display:flex;border:none;background-color:#000}@supports not (aspect-ratio:1\/1){.elementor-widget-video .elementor-wrapper{position:relative;overflow:hidden;height:0;padding-bottom:calc(100% \/ var(--video-aspect-ratio))}.elementor-widget-video .elementor-wrapper iframe,.elementor-widget-video .elementor-wrapper video{position:absolute;top:0;right:0;bottom:0;left:0}}.elementor-widget-video .elementor-open-inline .elementor-custom-embed-image-overlay{position:absolute;top:0;right:0;bottom:0;left:0;background-size:cover;background-position:50%}.elementor-widget-video .elementor-custom-embed-image-overlay{cursor:pointer;text-align:center}.elementor-widget-video .elementor-custom-embed-image-overlay:hover .elementor-custom-embed-play i{opacity:1}.elementor-widget-video .elementor-custom-embed-image-overlay img{display:block;width:100%;aspect-ratio:var(--video-aspect-ratio);-o-object-fit:cover;object-fit:cover;-o-object-position:center center;object-position:center center}@supports not (aspect-ratio:1\/1){.elementor-widget-video .elementor-custom-embed-image-overlay{position:relative;overflow:hidden;height:0;padding-bottom:calc(100% \/ var(--video-aspect-ratio))}.elementor-widget-video .elementor-custom-embed-image-overlay img{position:absolute;top:0;right:0;bottom:0;left:0}}.elementor-widget-video .e-hosted-video .elementor-video{-o-object-fit:cover;object-fit:cover}.e-con-inner>.elementor-widget-video,.e-con>.elementor-widget-video{width:var(--container-widget-width);--flex-grow:var(--container-widget-flex-grow)}<\/style>\t\t<div class=\"e-hosted-video elementor-wrapper elementor-open-inline\">\n\t\t\t\t\t<video class=\"elementor-video\" src=\"http:\/\/mouvo.org\/wp-content\/uploads\/2024\/02\/Rwanda-film-8-min.mp4\" controls=\"\" preload=\"metadata\" controlslist=\"nodownload\" poster=\"http:\/\/mouvo.org\/wp-content\/uploads\/2024\/03\/Skaermbillede-2024-03-22-kl.-19.50.21.png\"><\/video>\n\t\t\t\t<\/div>\n\t\t\t\t<\/div>\n\t\t\t\t<\/div>\n\t\t\t\t<\/div>\n\t\t\t\t\t<\/div>\n\t\t\t\t<\/div>\n\t\t\t\t<\/div>","protected":false},"excerpt":{"rendered":"<p>Projekt Kubasha Crew Om projektet Kubasha betyder p\u00e5 Kinyarwanda \u2018to be able\/to have power). Sammen med professionelle dansere fra Rwanda star vi bag initiativet Kubasha Crew. Vi inviterer unge mennesker med fysisk handicap ind i et socialt f\u00e6llesskab med dans som fokus. Gennem dans f\u00e5r de her mulighed for at udtrykke sig kreativt, opn\u00e5 st\u00f8rre [&hellip;]<\/p>","protected":false},"author":1,"featured_media":858,"parent":17,"menu_order":0,"comment_status":"closed","ping_status":"closed","template":"","meta":{"footnotes":""},"class_list":["post-42","page","type-page","status-publish","has-post-thumbnail","hentry"],"yoast_head":"<!-- This site is optimized with the Yoast SEO plugin v22.3 - https:\/\/yoast.com\/wordpress\/plugins\/seo\/ -->\n<title>Kubasha Crew - mouvo<\/title>\n<meta name=\"robots\" content=\"index, follow, max-snippet:-1, max-image-preview:large, max-video-preview:-1\" \/>\n<link rel=\"canonical\" href=\"http:\/\/mouvo.org\/en\/projekter\/kubasha-crew\/\" \/>\n<meta property=\"og:locale\" content=\"en_US\" \/>\n<meta property=\"og:type\" content=\"article\" \/>\n<meta property=\"og:title\" content=\"Kubasha Crew - mouvo\" \/>\n<meta property=\"og:description\" content=\"Projekt Kubasha Crew Om projektet Kubasha betyder p\u00e5 Kinyarwanda \u2018to be able\/to have power). Sammen med professionelle dansere fra Rwanda star vi bag initiativet Kubasha Crew. Vi inviterer unge mennesker med fysisk handicap ind i et socialt f\u00e6llesskab med dans som fokus. Gennem dans f\u00e5r de her mulighed for at udtrykke sig kreativt, opn\u00e5 st\u00f8rre [&hellip;]\" \/>\n<meta property=\"og:url\" content=\"http:\/\/mouvo.org\/en\/projekter\/kubasha-crew\/\" \/>\n<meta property=\"og:site_name\" content=\"mouvo\" \/>\n<meta property=\"article:modified_time\" content=\"2024-03-22T18:50:41+00:00\" \/>\n<meta property=\"og:image\" content=\"http:\/\/mouvo.org\/wp-content\/uploads\/2024\/02\/IMG_9229-scaled.jpg\" \/>\n\t<meta property=\"og:image:width\" content=\"2560\" \/>\n\t<meta property=\"og:image:height\" content=\"1706\" \/>\n\t<meta property=\"og:image:type\" content=\"image\/jpeg\" \/>\n<meta name=\"twitter:card\" content=\"summary_large_image\" \/>\n<meta name=\"twitter:label1\" content=\"Est. reading time\" \/>\n\t<meta name=\"twitter:data1\" content=\"1 minute\" \/>\n<script type=\"application\/ld+json\" class=\"yoast-schema-graph\">{\"@context\":\"https:\/\/schema.org\",\"@graph\":[{\"@type\":\"WebPage\",\"@id\":\"http:\/\/mouvo.org\/en\/projekter\/kubasha-crew\/\",\"url\":\"http:\/\/mouvo.org\/en\/projekter\/kubasha-crew\/\",\"name\":\"Kubasha Crew - mouvo\",\"isPartOf\":{\"@id\":\"https:\/\/mouvo.org\/#website\"},\"primaryImageOfPage\":{\"@id\":\"http:\/\/mouvo.org\/en\/projekter\/kubasha-crew\/#primaryimage\"},\"image\":{\"@id\":\"http:\/\/mouvo.org\/en\/projekter\/kubasha-crew\/#primaryimage\"},\"thumbnailUrl\":\"http:\/\/mouvo.org\/wp-content\/uploads\/2024\/02\/IMG_9229-scaled.jpg\",\"datePublished\":\"2024-01-22T14:12:17+00:00\",\"dateModified\":\"2024-03-22T18:50:41+00:00\",\"breadcrumb\":{\"@id\":\"http:\/\/mouvo.org\/en\/projekter\/kubasha-crew\/#breadcrumb\"},\"inLanguage\":\"en-US\",\"potentialAction\":[{\"@type\":\"ReadAction\",\"target\":[\"http:\/\/mouvo.org\/en\/projekter\/kubasha-crew\/\"]}]},{\"@type\":\"ImageObject\",\"inLanguage\":\"en-US\",\"@id\":\"http:\/\/mouvo.org\/en\/projekter\/kubasha-crew\/#primaryimage\",\"url\":\"http:\/\/mouvo.org\/wp-content\/uploads\/2024\/02\/IMG_9229-scaled.jpg\",\"contentUrl\":\"http:\/\/mouvo.org\/wp-content\/uploads\/2024\/02\/IMG_9229-scaled.jpg\",\"width\":2560,\"height\":1706},{\"@type\":\"BreadcrumbList\",\"@id\":\"http:\/\/mouvo.org\/en\/projekter\/kubasha-crew\/#breadcrumb\",\"itemListElement\":[{\"@type\":\"ListItem\",\"position\":1,\"name\":\"Hjem\",\"item\":\"https:\/\/mouvo.org\/\"},{\"@type\":\"ListItem\",\"position\":2,\"name\":\"Projekter\",\"item\":\"https:\/\/mouvo.org\/projekter\/\"},{\"@type\":\"ListItem\",\"position\":3,\"name\":\"Kubasha Crew\"}]},{\"@type\":\"WebSite\",\"@id\":\"https:\/\/mouvo.org\/#website\",\"url\":\"https:\/\/mouvo.org\/\",\"name\":\"mouvo\",\"description\":\"\",\"potentialAction\":[{\"@type\":\"SearchAction\",\"target\":{\"@type\":\"EntryPoint\",\"urlTemplate\":\"https:\/\/mouvo.org\/?s={search_term_string}\"},\"query-input\":\"required name=search_term_string\"}],\"inLanguage\":\"en-US\"}]}<\/script>\n<!-- \/ Yoast SEO plugin. -->","yoast_head_json":{"title":"Kubasha Crew - mouvo","robots":{"index":"index","follow":"follow","max-snippet":"max-snippet:-1","max-image-preview":"max-image-preview:large","max-video-preview":"max-video-preview:-1"},"canonical":"http:\/\/mouvo.org\/en\/projekter\/kubasha-crew\/","og_locale":"en_US","og_type":"article","og_title":"Kubasha Crew - mouvo","og_description":"Projekt Kubasha Crew Om projektet Kubasha betyder p\u00e5 Kinyarwanda \u2018to be able\/to have power). Sammen med professionelle dansere fra Rwanda star vi bag initiativet Kubasha Crew. Vi inviterer unge mennesker med fysisk handicap ind i et socialt f\u00e6llesskab med dans som fokus. Gennem dans f\u00e5r de her mulighed for at udtrykke sig kreativt, opn\u00e5 st\u00f8rre [&hellip;]","og_url":"http:\/\/mouvo.org\/en\/projekter\/kubasha-crew\/","og_site_name":"mouvo","article_modified_time":"2024-03-22T18:50:41+00:00","og_image":[{"width":2560,"height":1706,"url":"http:\/\/mouvo.org\/wp-content\/uploads\/2024\/02\/IMG_9229-scaled.jpg","type":"image\/jpeg"}],"twitter_card":"summary_large_image","twitter_misc":{"Est. reading time":"1 minute"},"schema":{"@context":"https:\/\/schema.org","@graph":[{"@type":"WebPage","@id":"http:\/\/mouvo.org\/en\/projekter\/kubasha-crew\/","url":"http:\/\/mouvo.org\/en\/projekter\/kubasha-crew\/","name":"Kubasha Crew - mouvo","isPartOf":{"@id":"https:\/\/mouvo.org\/#website"},"primaryImageOfPage":{"@id":"http:\/\/mouvo.org\/en\/projekter\/kubasha-crew\/#primaryimage"},"image":{"@id":"http:\/\/mouvo.org\/en\/projekter\/kubasha-crew\/#primaryimage"},"thumbnailUrl":"http:\/\/mouvo.org\/wp-content\/uploads\/2024\/02\/IMG_9229-scaled.jpg","datePublished":"2024-01-22T14:12:17+00:00","dateModified":"2024-03-22T18:50:41+00:00","breadcrumb":{"@id":"http:\/\/mouvo.org\/en\/projekter\/kubasha-crew\/#breadcrumb"},"inLanguage":"en-US","potentialAction":[{"@type":"ReadAction","target":["http:\/\/mouvo.org\/en\/projekter\/kubasha-crew\/"]}]},{"@type":"ImageObject","inLanguage":"en-US","@id":"http:\/\/mouvo.org\/en\/projekter\/kubasha-crew\/#primaryimage","url":"http:\/\/mouvo.org\/wp-content\/uploads\/2024\/02\/IMG_9229-scaled.jpg","contentUrl":"http:\/\/mouvo.org\/wp-content\/uploads\/2024\/02\/IMG_9229-scaled.jpg","width":2560,"height":1706},{"@type":"BreadcrumbList","@id":"http:\/\/mouvo.org\/en\/projekter\/kubasha-crew\/#breadcrumb","itemListElement":[{"@type":"ListItem","position":1,"name":"Hjem","item":"https:\/\/mouvo.org\/"},{"@type":"ListItem","position":2,"name":"Projekter","item":"https:\/\/mouvo.org\/projekter\/"},{"@type":"ListItem","position":3,"name":"Kubasha Crew"}]},{"@type":"WebSite","@id":"https:\/\/mouvo.org\/#website","url":"https:\/\/mouvo.org\/","name":"mouvo","description":"","potentialAction":[{"@type":"SearchAction","target":{"@type":"EntryPoint","urlTemplate":"https:\/\/mouvo.org\/?s={search_term_string}"},"query-input":"required name=search_term_string"}],"inLanguage":"en-US"}]}},"_links":{"self":[{"href":"http:\/\/mouvo.org\/en\/wp-json\/wp\/v2\/pages\/42","targetHints":{"allow":["GET"]}}],"collection":[{"href":"http:\/\/mouvo.org\/en\/wp-json\/wp\/v2\/pages"}],"about":[{"href":"http:\/\/mouvo.org\/en\/wp-json\/wp\/v2\/types\/page"}],"author":[{"embeddable":true,"href":"http:\/\/mouvo.org\/en\/wp-json\/wp\/v2\/users\/1"}],"replies":[{"embeddable":true,"href":"http:\/\/mouvo.org\/en\/wp-json\/wp\/v2\/comments?post=42"}],"version-history":[{"count":64,"href":"http:\/\/mouvo.org\/en\/wp-json\/wp\/v2\/pages\/42\/revisions"}],"predecessor-version":[{"id":1885,"href":"http:\/\/mouvo.org\/en\/wp-json\/wp\/v2\/pages\/42\/revisions\/1885"}],"up":[{"embeddable":true,"href":"http:\/\/mouvo.org\/en\/wp-json\/wp\/v2\/pages\/17"}],"wp:featuredmedia":[{"embeddable":true,"href":"http:\/\/mouvo.org\/en\/wp-json\/wp\/v2\/media\/858"}],"wp:attachment":[{"href":"http:\/\/mouvo.org\/en\/wp-json\/wp\/v2\/media?parent=42"}],"curies":[{"name":"wp","href":"https:\/\/api.w.org\/{rel}","templated":true}]}}