{"id":44,"date":"2024-01-22T14:12:46","date_gmt":"2024-01-22T14:12:46","guid":{"rendered":"http:\/\/mouvo.org\/?page_id=44"},"modified":"2024-03-22T12:14:51","modified_gmt":"2024-03-22T12:14:51","slug":"crochet-to-connect","status":"publish","type":"page","link":"http:\/\/mouvo.org\/en\/projekter\/crochet-to-connect\/","title":{"rendered":"Crochet to Connect"},"content":{"rendered":"<div data-elementor-type=\"wp-page\" data-elementor-id=\"44\" class=\"elementor elementor-44\" data-elementor-post-type=\"page\">\n\t\t\t\t<div class=\"elementor-element elementor-element-f266169 e-con-full e-flex e-con e-parent\" data-id=\"f266169\" data-element_type=\"container\" data-settings=\"{&quot;background_background&quot;:&quot;classic&quot;}\" data-core-v316-plus=\"true\">\n\t\t\t\t<div class=\"elementor-element elementor-element-ba2b5f1 elementor-widget__width-initial elementor-widget-tablet__width-inherit elementor-widget elementor-widget-heading\" data-id=\"ba2b5f1\" data-element_type=\"widget\" data-widget_type=\"heading.default\">\n\t\t\t\t<div class=\"elementor-widget-container\">\n\t\t\t<style>\/*! elementor - v3.20.0 - 26-03-2024 *\/\n.elementor-heading-title{padding:0;margin:0;line-height:1}.elementor-widget-heading .elementor-heading-title[class*=elementor-size-]>a{color:inherit;font-size:inherit;line-height:inherit}.elementor-widget-heading .elementor-heading-title.elementor-size-small{font-size:15px}.elementor-widget-heading .elementor-heading-title.elementor-size-medium{font-size:19px}.elementor-widget-heading .elementor-heading-title.elementor-size-large{font-size:29px}.elementor-widget-heading .elementor-heading-title.elementor-size-xl{font-size:39px}.elementor-widget-heading .elementor-heading-title.elementor-size-xxl{font-size:59px}<\/style><h2 class=\"elementor-heading-title elementor-size-default\">Project<\/h2>\t\t<\/div>\n\t\t\t\t<\/div>\n\t\t\t\t<div class=\"elementor-element elementor-element-9c14aaf elementor-widget__width-initial elementor-widget-tablet__width-inherit elementor-widget elementor-widget-heading\" data-id=\"9c14aaf\" data-element_type=\"widget\" data-widget_type=\"heading.default\">\n\t\t\t\t<div class=\"elementor-widget-container\">\n\t\t\t<h2 class=\"elementor-heading-title elementor-size-default\">Crochet to Connect<\/h2>\t\t<\/div>\n\t\t\t\t<\/div>\n\t\t\t\t<\/div>\n\t\t<div class=\"elementor-element elementor-element-693f2cab e-flex e-con-boxed e-con e-parent\" data-id=\"693f2cab\" data-element_type=\"container\" data-settings=\"{&quot;background_background&quot;:&quot;classic&quot;}\" data-core-v316-plus=\"true\">\n\t\t\t\t\t<div class=\"e-con-inner\">\n\t\t<div class=\"elementor-element elementor-element-50006410 e-con-full e-flex e-con e-child\" data-id=\"50006410\" data-element_type=\"container\">\n\t\t\t\t<div class=\"elementor-element elementor-element-11b7343b elementor-invisible elementor-widget elementor-widget-heading\" data-id=\"11b7343b\" data-element_type=\"widget\" data-settings=\"{&quot;_animation&quot;:&quot;fadeIn&quot;}\" data-widget_type=\"heading.default\">\n\t\t\t\t<div class=\"elementor-widget-container\">\n\t\t\t<h2 class=\"elementor-heading-title elementor-size-default\">About the Project<\/h2>\t\t<\/div>\n\t\t\t\t<\/div>\n\t\t\t\t<div class=\"elementor-element elementor-element-1113cba9 elementor-widget elementor-widget-text-editor\" data-id=\"1113cba9\" data-element_type=\"widget\" data-widget_type=\"text-editor.default\">\n\t\t\t\t<div class=\"elementor-widget-container\">\n\t\t\t<style>\/*! elementor - v3.20.0 - 26-03-2024 *\/\n.elementor-widget-text-editor.elementor-drop-cap-view-stacked .elementor-drop-cap{background-color:#69727d;color:#fff}.elementor-widget-text-editor.elementor-drop-cap-view-framed .elementor-drop-cap{color:#69727d;border:3px solid;background-color:transparent}.elementor-widget-text-editor:not(.elementor-drop-cap-view-default) .elementor-drop-cap{margin-top:8px}.elementor-widget-text-editor:not(.elementor-drop-cap-view-default) .elementor-drop-cap-letter{width:1em;height:1em}.elementor-widget-text-editor .elementor-drop-cap{float:left;text-align:center;line-height:1;font-size:50px}.elementor-widget-text-editor .elementor-drop-cap-letter{display:inline-block}<\/style>\t\t\t\t<div><p class=\"m6379683659809544382m-2163979663977640145msolistparagraph\">Crochet to Connect is an initiative that aims to develop local communities for vulnerable single mothers through handcraft (craft psychology). Mothers meet to learn to crochet, to be together, to have a mental breathing space, to laugh together, share ideas and knowledge. The mothers' parenting skills are supported through togetherness and conversations with a focus on basic needs for a safe life of a child.<\/p><\/div>\t\t\t\t\t\t<\/div>\n\t\t\t\t<\/div>\n\t\t\t\t<div class=\"elementor-element elementor-element-d29c278 elementor-align-left elementor-mobile-align-center elementor-widget elementor-widget-button\" data-id=\"d29c278\" data-element_type=\"widget\" data-widget_type=\"button.default\">\n\t\t\t\t<div class=\"elementor-widget-container\">\n\t\t\t\t\t<div class=\"elementor-button-wrapper\">\n\t\t\t<a class=\"elementor-button elementor-button-link elementor-size-sm\" href=\"https:\/\/www.instagram.com\/crochettoconnect\/\" target=\"_blank\">\n\t\t\t\t\t\t<span class=\"elementor-button-content-wrapper\">\n\t\t\t\t\t\t<span class=\"elementor-button-text\">READ MORE ABOUT THE PROJECT<\/span>\n\t\t<\/span>\n\t\t\t\t\t<\/a>\n\t\t<\/div>\n\t\t\t\t<\/div>\n\t\t\t\t<\/div>\n\t\t\t\t<\/div>\n\t\t<div class=\"elementor-element elementor-element-2b2c8c0d e-con-full e-flex e-con e-child\" data-id=\"2b2c8c0d\" data-element_type=\"container\">\n\t\t\t\t<div class=\"elementor-element elementor-element-36619dd0 elementor-widget elementor-widget-image\" data-id=\"36619dd0\" data-element_type=\"widget\" data-widget_type=\"image.default\">\n\t\t\t\t<div class=\"elementor-widget-container\">\n\t\t\t<style>\/*! elementor - v3.20.0 - 26-03-2024 *\/\n.elementor-widget-image{text-align:center}.elementor-widget-image a{display:inline-block}.elementor-widget-image a img[src$=\".svg\"]{width:48px}.elementor-widget-image img{vertical-align:middle;display:inline-block}<\/style>\t\t\t\t\t\t\t\t\t\t<img decoding=\"async\" src=\"http:\/\/mouvo.org\/wp-content\/uploads\/elementor\/thumbs\/IMG_2166-002-1-scaled-qkinsf7a6b92vegnkf0c1fsch8ujff1hislbd5jr0o.jpg\" title=\"IMG_2166 (002)\" alt=\"IMG_2166 (002)\" loading=\"lazy\" \/>\t\t\t\t\t\t\t\t\t\t\t\t\t<\/div>\n\t\t\t\t<\/div>\n\t\t\t\t<\/div>\n\t\t\t\t\t<\/div>\n\t\t\t\t<\/div>\n\t\t\t\t<\/div>","protected":false},"excerpt":{"rendered":"<p>Projekt Crochet to Connect Om projektet Crochet to Connect er et initiativ der sigter mod at udvikle lokale f\u00e6llesskaber for s\u00e5rbare enlige m\u00f8dre gennem h\u00e5ndarbejde (craft psykologi). M\u00f8dre m\u00f8des for at l\u00e6re at h\u00e6kle, v\u00e6re sammen, f\u00e5 et mentalt pusterum, grine sammen, dele ideer og viden. M\u00f8drenes for\u00e6ldreevne underst\u00f8ttes gennem samv\u00e6r og samtaler med fokus [&hellip;]<\/p>","protected":false},"author":1,"featured_media":155,"parent":17,"menu_order":0,"comment_status":"closed","ping_status":"closed","template":"","meta":{"footnotes":""},"class_list":["post-44","page","type-page","status-publish","has-post-thumbnail","hentry"],"yoast_head":"<!-- This site is optimized with the Yoast SEO plugin v22.3 - https:\/\/yoast.com\/wordpress\/plugins\/seo\/ -->\n<title>Crochet to Connect - mouvo<\/title>\n<meta name=\"robots\" content=\"index, follow, max-snippet:-1, max-image-preview:large, max-video-preview:-1\" \/>\n<link rel=\"canonical\" href=\"http:\/\/mouvo.org\/en\/projekter\/crochet-to-connect\/\" \/>\n<meta property=\"og:locale\" content=\"en_US\" \/>\n<meta property=\"og:type\" content=\"article\" \/>\n<meta property=\"og:title\" content=\"Crochet to Connect - mouvo\" \/>\n<meta property=\"og:description\" content=\"Projekt Crochet to Connect Om projektet Crochet to Connect er et initiativ der sigter mod at udvikle lokale f\u00e6llesskaber for s\u00e5rbare enlige m\u00f8dre gennem h\u00e5ndarbejde (craft psykologi). M\u00f8dre m\u00f8des for at l\u00e6re at h\u00e6kle, v\u00e6re sammen, f\u00e5 et mentalt pusterum, grine sammen, dele ideer og viden. M\u00f8drenes for\u00e6ldreevne underst\u00f8ttes gennem samv\u00e6r og samtaler med fokus [&hellip;]\" \/>\n<meta property=\"og:url\" content=\"http:\/\/mouvo.org\/en\/projekter\/crochet-to-connect\/\" \/>\n<meta property=\"og:site_name\" content=\"mouvo\" \/>\n<meta property=\"article:modified_time\" content=\"2024-03-22T12:14:51+00:00\" \/>\n<meta property=\"og:image\" content=\"https:\/\/mouvo.org\/wp-content\/uploads\/2024\/02\/IMG20230423161450-002-scaled.jpg\" \/>\n\t<meta property=\"og:image:width\" content=\"2560\" \/>\n\t<meta property=\"og:image:height\" content=\"1928\" \/>\n\t<meta property=\"og:image:type\" content=\"image\/jpeg\" \/>\n<meta name=\"twitter:card\" content=\"summary_large_image\" \/>\n<meta name=\"twitter:label1\" content=\"Est. reading time\" \/>\n\t<meta name=\"twitter:data1\" content=\"1 minute\" \/>\n<script type=\"application\/ld+json\" class=\"yoast-schema-graph\">{\"@context\":\"https:\/\/schema.org\",\"@graph\":[{\"@type\":\"WebPage\",\"@id\":\"https:\/\/mouvo.org\/projekter\/crochet-to-connect\/\",\"url\":\"https:\/\/mouvo.org\/projekter\/crochet-to-connect\/\",\"name\":\"Crochet to Connect - mouvo\",\"isPartOf\":{\"@id\":\"https:\/\/mouvo.org\/#website\"},\"primaryImageOfPage\":{\"@id\":\"https:\/\/mouvo.org\/projekter\/crochet-to-connect\/#primaryimage\"},\"image\":{\"@id\":\"https:\/\/mouvo.org\/projekter\/crochet-to-connect\/#primaryimage\"},\"thumbnailUrl\":\"http:\/\/mouvo.org\/wp-content\/uploads\/2024\/02\/IMG20230423161450-002-scaled.jpg\",\"datePublished\":\"2024-01-22T14:12:46+00:00\",\"dateModified\":\"2024-03-22T12:14:51+00:00\",\"breadcrumb\":{\"@id\":\"https:\/\/mouvo.org\/projekter\/crochet-to-connect\/#breadcrumb\"},\"inLanguage\":\"en-US\",\"potentialAction\":[{\"@type\":\"ReadAction\",\"target\":[\"https:\/\/mouvo.org\/projekter\/crochet-to-connect\/\"]}]},{\"@type\":\"ImageObject\",\"inLanguage\":\"en-US\",\"@id\":\"https:\/\/mouvo.org\/projekter\/crochet-to-connect\/#primaryimage\",\"url\":\"http:\/\/mouvo.org\/wp-content\/uploads\/2024\/02\/IMG20230423161450-002-scaled.jpg\",\"contentUrl\":\"http:\/\/mouvo.org\/wp-content\/uploads\/2024\/02\/IMG20230423161450-002-scaled.jpg\",\"width\":2560,\"height\":1928},{\"@type\":\"BreadcrumbList\",\"@id\":\"https:\/\/mouvo.org\/projekter\/crochet-to-connect\/#breadcrumb\",\"itemListElement\":[{\"@type\":\"ListItem\",\"position\":1,\"name\":\"Hjem\",\"item\":\"https:\/\/mouvo.org\/\"},{\"@type\":\"ListItem\",\"position\":2,\"name\":\"Projekter\",\"item\":\"https:\/\/mouvo.org\/projekter\/\"},{\"@type\":\"ListItem\",\"position\":3,\"name\":\"Crochet to Connect\"}]},{\"@type\":\"WebSite\",\"@id\":\"https:\/\/mouvo.org\/#website\",\"url\":\"https:\/\/mouvo.org\/\",\"name\":\"mouvo\",\"description\":\"\",\"potentialAction\":[{\"@type\":\"SearchAction\",\"target\":{\"@type\":\"EntryPoint\",\"urlTemplate\":\"https:\/\/mouvo.org\/?s={search_term_string}\"},\"query-input\":\"required name=search_term_string\"}],\"inLanguage\":\"en-US\"}]}<\/script>\n<!-- \/ Yoast SEO plugin. -->","yoast_head_json":{"title":"Crochet to Connect - mouvo","robots":{"index":"index","follow":"follow","max-snippet":"max-snippet:-1","max-image-preview":"max-image-preview:large","max-video-preview":"max-video-preview:-1"},"canonical":"http:\/\/mouvo.org\/en\/projekter\/crochet-to-connect\/","og_locale":"en_US","og_type":"article","og_title":"Crochet to Connect - mouvo","og_description":"Projekt Crochet to Connect Om projektet Crochet to Connect er et initiativ der sigter mod at udvikle lokale f\u00e6llesskaber for s\u00e5rbare enlige m\u00f8dre gennem h\u00e5ndarbejde (craft psykologi). M\u00f8dre m\u00f8des for at l\u00e6re at h\u00e6kle, v\u00e6re sammen, f\u00e5 et mentalt pusterum, grine sammen, dele ideer og viden. M\u00f8drenes for\u00e6ldreevne underst\u00f8ttes gennem samv\u00e6r og samtaler med fokus [&hellip;]","og_url":"http:\/\/mouvo.org\/en\/projekter\/crochet-to-connect\/","og_site_name":"mouvo","article_modified_time":"2024-03-22T12:14:51+00:00","og_image":[{"width":2560,"height":1928,"url":"https:\/\/mouvo.org\/wp-content\/uploads\/2024\/02\/IMG20230423161450-002-scaled.jpg","type":"image\/jpeg"}],"twitter_card":"summary_large_image","twitter_misc":{"Est. reading time":"1 minute"},"schema":{"@context":"https:\/\/schema.org","@graph":[{"@type":"WebPage","@id":"https:\/\/mouvo.org\/projekter\/crochet-to-connect\/","url":"https:\/\/mouvo.org\/projekter\/crochet-to-connect\/","name":"Crochet to Connect - mouvo","isPartOf":{"@id":"https:\/\/mouvo.org\/#website"},"primaryImageOfPage":{"@id":"https:\/\/mouvo.org\/projekter\/crochet-to-connect\/#primaryimage"},"image":{"@id":"https:\/\/mouvo.org\/projekter\/crochet-to-connect\/#primaryimage"},"thumbnailUrl":"http:\/\/mouvo.org\/wp-content\/uploads\/2024\/02\/IMG20230423161450-002-scaled.jpg","datePublished":"2024-01-22T14:12:46+00:00","dateModified":"2024-03-22T12:14:51+00:00","breadcrumb":{"@id":"https:\/\/mouvo.org\/projekter\/crochet-to-connect\/#breadcrumb"},"inLanguage":"en-US","potentialAction":[{"@type":"ReadAction","target":["https:\/\/mouvo.org\/projekter\/crochet-to-connect\/"]}]},{"@type":"ImageObject","inLanguage":"en-US","@id":"https:\/\/mouvo.org\/projekter\/crochet-to-connect\/#primaryimage","url":"http:\/\/mouvo.org\/wp-content\/uploads\/2024\/02\/IMG20230423161450-002-scaled.jpg","contentUrl":"http:\/\/mouvo.org\/wp-content\/uploads\/2024\/02\/IMG20230423161450-002-scaled.jpg","width":2560,"height":1928},{"@type":"BreadcrumbList","@id":"https:\/\/mouvo.org\/projekter\/crochet-to-connect\/#breadcrumb","itemListElement":[{"@type":"ListItem","position":1,"name":"Hjem","item":"https:\/\/mouvo.org\/"},{"@type":"ListItem","position":2,"name":"Projekter","item":"https:\/\/mouvo.org\/projekter\/"},{"@type":"ListItem","position":3,"name":"Crochet to Connect"}]},{"@type":"WebSite","@id":"https:\/\/mouvo.org\/#website","url":"https:\/\/mouvo.org\/","name":"mouvo","description":"","potentialAction":[{"@type":"SearchAction","target":{"@type":"EntryPoint","urlTemplate":"https:\/\/mouvo.org\/?s={search_term_string}"},"query-input":"required name=search_term_string"}],"inLanguage":"en-US"}]}},"_links":{"self":[{"href":"http:\/\/mouvo.org\/en\/wp-json\/wp\/v2\/pages\/44","targetHints":{"allow":["GET"]}}],"collection":[{"href":"http:\/\/mouvo.org\/en\/wp-json\/wp\/v2\/pages"}],"about":[{"href":"http:\/\/mouvo.org\/en\/wp-json\/wp\/v2\/types\/page"}],"author":[{"embeddable":true,"href":"http:\/\/mouvo.org\/en\/wp-json\/wp\/v2\/users\/1"}],"replies":[{"embeddable":true,"href":"http:\/\/mouvo.org\/en\/wp-json\/wp\/v2\/comments?post=44"}],"version-history":[{"count":52,"href":"http:\/\/mouvo.org\/en\/wp-json\/wp\/v2\/pages\/44\/revisions"}],"predecessor-version":[{"id":1809,"href":"http:\/\/mouvo.org\/en\/wp-json\/wp\/v2\/pages\/44\/revisions\/1809"}],"up":[{"embeddable":true,"href":"http:\/\/mouvo.org\/en\/wp-json\/wp\/v2\/pages\/17"}],"wp:featuredmedia":[{"embeddable":true,"href":"http:\/\/mouvo.org\/en\/wp-json\/wp\/v2\/media\/155"}],"wp:attachment":[{"href":"http:\/\/mouvo.org\/en\/wp-json\/wp\/v2\/media?parent=44"}],"curies":[{"name":"wp","href":"https:\/\/api.w.org\/{rel}","templated":true}]}}